{"id":489,"date":"2019-12-22T13:29:43","date_gmt":"2019-12-22T13:29:43","guid":{"rendered":"http:\/\/ktk.com.tr\/?page_id=489"},"modified":"2020-01-20T09:38:09","modified_gmt":"2020-01-20T09:38:09","slug":"tube-fitting","status":"publish","type":"page","link":"https:\/\/ktk.com.tr\/tr\/tube-fitting\/","title":{"rendered":"Boru ve Ba\u011flant\u0131 Par\u00e7alar\u0131"},"content":{"rendered":"<p><img decoding=\"async\" loading=\"lazy\" width=\"640\" height=\"360\" src=\"https:\/\/ktk.com.tr\/wp-content\/uploads\/2020\/01\/ultrapure_tubes_640x360.png\" alt=\"\" class=\"ktk\" srcset=\"https:\/\/ktk.com.tr\/wp-content\/uploads\/2020\/01\/ultrapure_tubes_640x360.png 640w, https:\/\/ktk.com.tr\/wp-content\/uploads\/2020\/01\/ultrapure_tubes_640x360-300x169.png 300w, https:\/\/ktk.com.tr\/wp-content\/uploads\/2020\/01\/ultrapure_tubes_640x360-1x1.png 1w\" sizes=\"(max-width: 640px) 100vw, 640px\" \/>\t\t\t\t\t\t\t\t\t\t\t<\/p>\n<h1>Boru ve ba\u011flant\u0131 Par\u00e7alar\u0131<\/h1>\n<p style=\"text-align: center;\">Temiz ko\u015fullar\u0131n gerekli oldu\u011fu ekipman ve s\u00fcre\u00e7leri ba\u011flamak i\u00e7in Matrix, maksimum hijyen sa\u011flayan kapsaml\u0131 bir t\u00fcp ve ba\u011flant\u0131 par\u00e7alar\u0131 yelpazesi sunar. T\u00fcm \u00fcr\u00fcnler s\u0131k\u0131 toleranslar, \u00e7e\u015fitli y\u00fczeyler ve d\u00fczg\u00fcn duvar kal\u0131nl\u0131klar\u0131 i\u00e7in temel kriterleri kar\u015f\u0131lar. Buna t\u00fcpler, ba\u011flant\u0131 par\u00e7alar\u0131, ba\u011flant\u0131lar, dirsekler, tees ve red\u00fckt\u00f6rler dahildir<\/p>\n<p>\t\t\t\t\t\t\t\t\t\t<img decoding=\"async\" loading=\"lazy\" width=\"640\" height=\"360\" src=\"https:\/\/ktk.com.tr\/wp-content\/uploads\/2020\/01\/sanitary_tubes_left_side_640x360.png\" alt=\"\" class=\"ktk\" srcset=\"https:\/\/ktk.com.tr\/wp-content\/uploads\/2020\/01\/sanitary_tubes_left_side_640x360.png 640w, https:\/\/ktk.com.tr\/wp-content\/uploads\/2020\/01\/sanitary_tubes_left_side_640x360-300x169.png 300w, https:\/\/ktk.com.tr\/wp-content\/uploads\/2020\/01\/sanitary_tubes_left_side_640x360-1x1.png 1w\" sizes=\"(max-width: 640px) 100vw, 640px\" \/>\t\t\t\t\t\t\t\t\t\t\t<\/p>\n<h2>Hijyenik Borular<\/h2>\n<p>Hijyenik boru serimiz, g\u0131da, s\u00fct, i\u00e7ecek ve ila\u00e7 end\u00fcstrilerindeki standart g\u00f6rev i\u00e7in g\u00fcvenlik, g\u00fcvenilirlik, verimlilik i\u00e7in kesin gereksinimleri kar\u015f\u0131lar. T\u00fcm hijyenik borular ISO 2037, ASME boyut standartlar\u0131, DIN 11850 ve BS 4825'e uygundur.<\/p>\n<p>\t\t\t<a href=\"https:\/\/ktk.com.tr\/tr\/hygienic-tubes\/\" role=\"button\"><br \/>\n\t\t\t\t\t\tDaha Fazla<br \/>\n\t\t\t\t\t<\/a><br \/>\n\t\t\t\t\t\t\t\t\t\t<img decoding=\"async\" loading=\"lazy\" width=\"640\" height=\"360\" src=\"https:\/\/ktk.com.tr\/wp-content\/uploads\/2020\/01\/ultrapure_fittings_series_adin_640x360.png\" alt=\"\" class=\"ktk\" srcset=\"https:\/\/ktk.com.tr\/wp-content\/uploads\/2020\/01\/ultrapure_fittings_series_adin_640x360.png 640w, https:\/\/ktk.com.tr\/wp-content\/uploads\/2020\/01\/ultrapure_fittings_series_adin_640x360-300x169.png 300w, https:\/\/ktk.com.tr\/wp-content\/uploads\/2020\/01\/ultrapure_fittings_series_adin_640x360-1x1.png 1w\" sizes=\"(max-width: 640px) 100vw, 640px\" \/>\t\t\t\t\t\t\t\t\t\t\t<\/p>\n<h2>Hijyenik Ba\u011flant\u0131 Par\u00e7alar\u0131<\/h2>\n<p>Alfa Laval Hijyenik T\u00fcpler ve Ba\u011flant\u0131 Par\u00e7alar\u0131, g\u0131da, s\u00fct \u00fcr\u00fcnleri, i\u00e7ecek ve ki\u015fisel bak\u0131m end\u00fcstrilerindeki standart g\u00f6revler i\u00e7in g\u00fcvenlik, g\u00fcvenilirlik, verimlilik ve hijyen ile ilgili kesin talepleri kar\u015f\u0131lar. \u00d6zel BioPharm t\u00fcpleri ve ba\u011flant\u0131 par\u00e7alar\u0131 mevcuttur. Hijyenik montaj serimiz, g\u0131da, s\u00fct, i\u00e7ecek ve ki\u015fisel bak\u0131m end\u00fcstrilerindeki standart g\u00f6rev i\u00e7in g\u00fcvenlik, g\u00fcvenilirlik, verimlilik i\u00e7in kesin gereksinimleri kar\u015f\u0131lamaktad\u0131r. T\u00fcm hijyenik ba\u011flant\u0131 par\u00e7alar\u0131 ISO 2037, ASME boyutlar\u0131, EN 10357-A ve BS 4825'e uygundur.<\/p>\n<p>\t\t\t<a href=\"https:\/\/ktk.com.tr\/tr\/hygienic-fittings\/\" role=\"button\"><br \/>\n\t\t\t\t\t\tDaha Fazla<br \/>\n\t\t\t\t\t<\/a><br \/>\n\t\t\t\t\t\t\t\t\t\t<img decoding=\"async\" loading=\"lazy\" width=\"640\" height=\"360\" src=\"https:\/\/ktk.com.tr\/wp-content\/uploads\/2020\/01\/sanitary_tubes_left_side_640x360.png\" alt=\"\" class=\"ktk\" srcset=\"https:\/\/ktk.com.tr\/wp-content\/uploads\/2020\/01\/sanitary_tubes_left_side_640x360.png 640w, https:\/\/ktk.com.tr\/wp-content\/uploads\/2020\/01\/sanitary_tubes_left_side_640x360-300x169.png 300w, https:\/\/ktk.com.tr\/wp-content\/uploads\/2020\/01\/sanitary_tubes_left_side_640x360-1x1.png 1w\" sizes=\"(max-width: 640px) 100vw, 640px\" \/>\t\t\t\t\t\t\t\t\t\t\t<\/p>\n<h2>UltraPure Borular<\/h2>\n<p>Tri-Clover\u00ae UltraPure borular\u0131m\u0131z g\u00fcvenli, kolay kurulum ve y\u00fcksek, tutarl\u0131 kalite sa\u011flar. Biyoteknoloji, ila\u00e7 ve ki\u015fisel bak\u0131m end\u00fcstrilerinin \u00f6zel taleplerini kar\u015f\u0131lamak \u00fczere tasarlanm\u0131\u015ft\u0131r. Alfa Laval Tri-Clover\u00ae UltraPure borular ISO 2037 ve ASME BPE boyut standartlar\u0131na uygundur.<\/p>\n<p>\t\t\t<a href=\"https:\/\/ktk.com.tr\/tr\/ultrapure-tubes\/\" role=\"button\"><br \/>\n\t\t\t\t\t\tDaha Fazla<br \/>\n\t\t\t\t\t<\/a><br \/>\n\t\t\t\t\t\t\t\t\t\t<img decoding=\"async\" loading=\"lazy\" width=\"640\" height=\"360\" src=\"https:\/\/ktk.com.tr\/wp-content\/uploads\/2020\/01\/ultrapure_fittings_series_adin_640x360.png\" alt=\"\" class=\"ktk\" srcset=\"https:\/\/ktk.com.tr\/wp-content\/uploads\/2020\/01\/ultrapure_fittings_series_adin_640x360.png 640w, https:\/\/ktk.com.tr\/wp-content\/uploads\/2020\/01\/ultrapure_fittings_series_adin_640x360-300x169.png 300w, https:\/\/ktk.com.tr\/wp-content\/uploads\/2020\/01\/ultrapure_fittings_series_adin_640x360-1x1.png 1w\" sizes=\"(max-width: 640px) 100vw, 640px\" \/>\t\t\t\t\t\t\t\t\t\t\t<\/p>\n<h2>UltraPure Ba\u011flant\u0131 Par\u00e7alar\u0131<\/h2>\n<p>Biyoteknoloji, ila\u00e7 ve ki\u015fisel bak\u0131m end\u00fcstrilerinin \u00f6zel taleplerini kar\u015f\u0131lamak \u00fczere tasarlanan Tri-Clover\u00ae UltraPure t\u00fcpleri ve ba\u011flant\u0131 par\u00e7alar\u0131 g\u00fcvenli, kolay kurulum ve y\u00fcksek, tutarl\u0131 kalite sa\u011flar. Alfa Laval Tri-Clover\u00ae UltraPure t\u00fcpler ISO 2037 ve ASME BPE boyutuna uygundur.<\/p>\n<p>\t\t\t<a href=\"https:\/\/ktk.com.tr\/tr\/ultrapure-fittings\/\" role=\"button\"><br \/>\n\t\t\t\t\t\tDaha Fazla<br \/>\n\t\t\t\t\t<\/a><\/p>","protected":false},"excerpt":{"rendered":"<p>Tube &amp; Fittings To connect equipment and processes where clean conditions are essential, Matrix offers a comprehensive range of tubes and fittings, which provide maximum hygiene. All products meet key criteria for tight tolerances, a variety of finishes and uniform wall thicknesses. This includes tubes, fittings, connections, bends, tees and reducers Hygienic Tube Our hygienic [&hellip;]<\/p>","protected":false},"author":1,"featured_media":0,"parent":0,"menu_order":0,"comment_status":"closed","ping_status":"closed","template":"","meta":[],"_links":{"self":[{"href":"https:\/\/ktk.com.tr\/tr\/wp-json\/wp\/v2\/pages\/489"}],"collection":[{"href":"https:\/\/ktk.com.tr\/tr\/wp-json\/wp\/v2\/pages"}],"about":[{"href":"https:\/\/ktk.com.tr\/tr\/wp-json\/wp\/v2\/types\/page"}],"author":[{"embeddable":true,"href":"https:\/\/ktk.com.tr\/tr\/wp-json\/wp\/v2\/users\/1"}],"replies":[{"embeddable":true,"href":"https:\/\/ktk.com.tr\/tr\/wp-json\/wp\/v2\/comments?post=489"}],"version-history":[{"count":6,"href":"https:\/\/ktk.com.tr\/tr\/wp-json\/wp\/v2\/pages\/489\/revisions"}],"predecessor-version":[{"id":2406,"href":"https:\/\/ktk.com.tr\/tr\/wp-json\/wp\/v2\/pages\/489\/revisions\/2406"}],"wp:attachment":[{"href":"https:\/\/ktk.com.tr\/tr\/wp-json\/wp\/v2\/media?parent=489"}],"curies":[{"name":"wp","href":"https:\/\/api.w.org\/{rel}","templated":true}]}}