{"id":488,"date":"2019-12-22T13:29:43","date_gmt":"2019-12-22T13:29:43","guid":{"rendered":"http:\/\/ktk.com.tr\/?page_id=488"},"modified":"2020-01-20T09:42:09","modified_gmt":"2020-01-20T09:42:09","slug":"indication-units","status":"publish","type":"page","link":"https:\/\/ktk.com.tr\/tr\/indication-units\/","title":{"rendered":"G\u00f6sterge \u00dcniteleri"},"content":{"rendered":"<p><img decoding=\"async\" loading=\"lazy\" width=\"640\" height=\"360\" src=\"https:\/\/ktk.com.tr\/wp-content\/uploads\/2020\/01\/inditop_front_640x360.png\" alt=\"\" class=\"ktk\" srcset=\"https:\/\/ktk.com.tr\/wp-content\/uploads\/2020\/01\/inditop_front_640x360.png 640w, https:\/\/ktk.com.tr\/wp-content\/uploads\/2020\/01\/inditop_front_640x360-300x169.png 300w, https:\/\/ktk.com.tr\/wp-content\/uploads\/2020\/01\/inditop_front_640x360-1x1.png 1w\" sizes=\"(max-width: 640px) 100vw, 640px\" \/>\t\t\t\t\t\t\t\t\t\t\t<\/p>\n<h2>IndiTop<\/h2>\n<p>Basit ve kullan\u0131m\u0131 kolay IndiTop, s\u00fct \u00fcr\u00fcnleri, yiyecek ve i\u00e7ecek ve biyofarma end\u00fcstrilerinde kullan\u0131lan \u00e7o\u011fu standart s\u0131hhi vanalar\u0131n durumu hakk\u0131nda do\u011fru ve g\u00fcvenilir bilgi sa\u011flar.<\/p>\n<p>\t\t\t<a href=\"https:\/\/ktk.com.tr\/wp-content\/uploads\/2020\/01\/Indication-Leaflet.pdf\" role=\"button\"><br \/>\n\t\t\t\t\t\t\u00dcr\u00fcn Bilgisi<br \/>\n\t\t\t\t\t<\/a><br \/>\n\t\t\t<a href=\"https:\/\/ktk.com.tr\/tr\/contact-us\/\" role=\"button\"><br \/>\n\t\t\t\t\t\tL\u00fctfen \u0130leti\u015fime Ge\u00e7iniz<br \/>\n\t\t\t\t\t<\/a><br \/>\n\t\t\t<a href=\"https:\/\/ktk.com.tr\/wp-content\/uploads\/2020\/01\/Automation-Spare-Parts.pdf\" role=\"button\"><br \/>\n\t\t\t\t\t\tYedek Par\u00e7a<br \/>\n\t\t\t\t\t<\/a><br \/>\n\t\t\t\t\t\t\t\t\t\t<img decoding=\"async\" loading=\"lazy\" width=\"640\" height=\"360\" src=\"https:\/\/ktk.com.tr\/wp-content\/uploads\/2020\/01\/indication_2_640x360.png\" alt=\"\" class=\"ktk\" srcset=\"https:\/\/ktk.com.tr\/wp-content\/uploads\/2020\/01\/indication_2_640x360.png 640w, https:\/\/ktk.com.tr\/wp-content\/uploads\/2020\/01\/indication_2_640x360-300x169.png 300w, https:\/\/ktk.com.tr\/wp-content\/uploads\/2020\/01\/indication_2_640x360-1x1.png 1w\" sizes=\"(max-width: 640px) 100vw, 640px\" \/>\t\t\t\t\t\t\t\t\t\t\t<\/p>\n<h2>G\u00f6sterge \u00dcniteleri<\/h2>\n<p>Alfa Laval vana g\u00f6sterge \u00fcniteleri, hijyenik uygulamalarda kullan\u0131lan vanalar\u0131n konumu hakk\u0131nda temel bilgiler sa\u011flar. Kan\u0131tlanm\u0131\u015f teknolojiye dayanarak, bu valf konumu g\u00f6stergeleri yelpazesi g\u00fcvenli, g\u00fcvenilir ve ekonomik \u00e7al\u0131\u015fma sunar.<\/p>\n<p>\t\t\t<a href=\"https:\/\/ktk.com.tr\/wp-content\/uploads\/2020\/01\/Indication-Leaflet.pdf\" role=\"button\"><br \/>\n\t\t\t\t\t\t\u00dcr\u00fcn Bilgisi<br \/>\n\t\t\t\t\t<\/a><br \/>\n\t\t\t<a href=\"https:\/\/ktk.com.tr\/tr\/contact-us\/\" role=\"button\"><br \/>\n\t\t\t\t\t\tL\u00fctfen \u0130leti\u015fime Ge\u00e7iniz<br \/>\n\t\t\t\t\t<\/a><br \/>\n\t\t\t<a href=\"https:\/\/ktk.com.tr\/wp-content\/uploads\/2020\/01\/Automation-Spare-Parts.pdf\" role=\"button\"><br \/>\n\t\t\t\t\t\tYedek Par\u00e7a<br \/>\n\t\t\t\t\t<\/a><\/p>","protected":false},"excerpt":{"rendered":"<p>IndiTop Straightforward and easy to use, IndiTop provides accurate and reliable information about the status of most standard sanitary valves used in the dairy, food and beverage, and biopharm industries. Product Data Please Contact Us Spare Parts Indication Units Alfa Laval valve indication units provide basic information about the position of valves used in hygienic [&hellip;]<\/p>","protected":false},"author":1,"featured_media":0,"parent":0,"menu_order":0,"comment_status":"closed","ping_status":"closed","template":"","meta":[],"_links":{"self":[{"href":"https:\/\/ktk.com.tr\/tr\/wp-json\/wp\/v2\/pages\/488"}],"collection":[{"href":"https:\/\/ktk.com.tr\/tr\/wp-json\/wp\/v2\/pages"}],"about":[{"href":"https:\/\/ktk.com.tr\/tr\/wp-json\/wp\/v2\/types\/page"}],"author":[{"embeddable":true,"href":"https:\/\/ktk.com.tr\/tr\/wp-json\/wp\/v2\/users\/1"}],"replies":[{"embeddable":true,"href":"https:\/\/ktk.com.tr\/tr\/wp-json\/wp\/v2\/comments?post=488"}],"version-history":[{"count":8,"href":"https:\/\/ktk.com.tr\/tr\/wp-json\/wp\/v2\/pages\/488\/revisions"}],"predecessor-version":[{"id":2412,"href":"https:\/\/ktk.com.tr\/tr\/wp-json\/wp\/v2\/pages\/488\/revisions\/2412"}],"wp:attachment":[{"href":"https:\/\/ktk.com.tr\/tr\/wp-json\/wp\/v2\/media?parent=488"}],"curies":[{"name":"wp","href":"https:\/\/api.w.org\/{rel}","templated":true}]}}