{"id":487,"date":"2019-12-22T13:29:43","date_gmt":"2019-12-22T13:29:43","guid":{"rendered":"http:\/\/ktk.com.tr\/?page_id=487"},"modified":"2020-01-20T09:42:56","modified_gmt":"2020-01-20T09:42:56","slug":"control-heads","status":"publish","type":"page","link":"https:\/\/ktk.com.tr\/tr\/control-heads\/","title":{"rendered":"Control \u00dcniteleri"},"content":{"rendered":"<p><img decoding=\"async\" loading=\"lazy\" width=\"640\" height=\"360\" src=\"https:\/\/ktk.com.tr\/wp-content\/uploads\/2020\/01\/thinktop-thinktopbasic_640x360.png\" alt=\"\" class=\"ktk\" srcset=\"https:\/\/ktk.com.tr\/wp-content\/uploads\/2020\/01\/thinktop-thinktopbasic_640x360.png 640w, https:\/\/ktk.com.tr\/wp-content\/uploads\/2020\/01\/thinktop-thinktopbasic_640x360-300x169.png 300w, https:\/\/ktk.com.tr\/wp-content\/uploads\/2020\/01\/thinktop-thinktopbasic_640x360-1x1.png 1w\" sizes=\"(max-width: 640px) 100vw, 640px\" \/>\t\t\t\t\t\t\t\t\t\t\t<\/p>\n<h2>ThinkTop Basic<\/h2>\n<p>ThinkTop ve ThinkTop Basic, s\u00fct \u00fcr\u00fcnleri, yiyecek ve i\u00e7ecek ve biyofarma end\u00fcstrilerindeki genel uygulamalar i\u00e7in g\u00fcvenilir \u00e7al\u0131\u015fma, standart i\u015flevsellik ve uygun maliyetli \u00e7al\u0131\u015fma sunar.<\/p>\n<h4>\u00dcr\u00fcn Bilgisi<\/h4>\n<h4>Kullan\u0131m Klavuzu<\/h4>\n<h4>Yedek Par\u00e7a<\/h4>\n<p>\t\t\t<a href=\"https:\/\/ktk.com.tr\/wp-content\/uploads\/2020\/01\/Controls-Leaflet.pdf\" role=\"button\"><br \/>\n\t\t\t\t\t\t\u00dcr\u00fcn Bilgisi<br \/>\n\t\t\t\t\t<\/a><br \/>\n\t\t\t<a href=\"https:\/\/ktk.com.tr\/tr\/contact-us\/\" role=\"button\"><br \/>\n\t\t\t\t\t\tL\u00fctfen \u0130leti\u015fime Ge\u00e7iniz<br \/>\n\t\t\t\t\t<\/a><br \/>\n\t\t\t<a href=\"https:\/\/ktk.com.tr\/wp-content\/uploads\/2020\/01\/Automation-Spare-Parts.pdf\" role=\"button\"><br \/>\n\t\t\t\t\t\tYedek Par\u00e7a<br \/>\n\t\t\t\t\t<\/a><br \/>\n\t\t\t\t\t\t\t\t\t\t<img decoding=\"async\" loading=\"lazy\" width=\"500\" height=\"500\" src=\"https:\/\/ktk.com.tr\/wp-content\/uploads\/2020\/01\/ThinkTop_V50_Front.jpg\" alt=\"\" class=\"ktk\" srcset=\"https:\/\/ktk.com.tr\/wp-content\/uploads\/2020\/01\/ThinkTop_V50_Front.jpg 500w, https:\/\/ktk.com.tr\/wp-content\/uploads\/2020\/01\/ThinkTop_V50_Front-300x300.jpg 300w, https:\/\/ktk.com.tr\/wp-content\/uploads\/2020\/01\/ThinkTop_V50_Front-150x150.jpg 150w, https:\/\/ktk.com.tr\/wp-content\/uploads\/2020\/01\/ThinkTop_V50_Front-1x1.jpg 1w\" sizes=\"(max-width: 500px) 100vw, 500px\" \/>\t\t\t\t\t\t\t\t\t\t\t<\/p>\n<h2>ThinkTop<\/h2>\n<p>Kompakt Alfa Laval ThinkTop V50 ve V70, hijyenik vanalar i\u00e7in \u00f6nde gelen alg\u0131lama ve kontrol \u00fcnitelerinin ikinci neslidir. S\u00fct, g\u0131da, i\u00e7ecek, bira fabrikas\u0131 ve ila\u00e7 end\u00fcstrilerinde kullan\u0131lan t\u00fcm Alfa Laval vanalar\u0131n\u0131n e\u015fsiz kontrol\u00fcn\u00fc sa\u011flar.<\/p>\n<h4>\u00dcr\u00fcn Bilgisi<\/h4>\n<h4>Kullan\u0131m Klavuzu<\/h4>\n<h4>Yedek Par\u00e7a<\/h4>\n<p>\t\t\t<a href=\"https:\/\/ktk.com.tr\/wp-content\/uploads\/2020\/01\/Controls-Leaflet.pdf\" role=\"button\"><br \/>\n\t\t\t\t\t\t\u00dcr\u00fcn Bilgisi<br \/>\n\t\t\t\t\t<\/a><br \/>\n\t\t\t<a href=\"https:\/\/ktk.com.tr\/tr\/contact-us\/\" role=\"button\"><br \/>\n\t\t\t\t\t\tL\u00fctfen \u0130leti\u015fime Ge\u00e7iniz<br \/>\n\t\t\t\t\t<\/a><br \/>\n\t\t\t<a href=\"https:\/\/ktk.com.tr\/wp-content\/uploads\/2020\/01\/Automation-Spare-Parts.pdf\" role=\"button\"><br \/>\n\t\t\t\t\t\tYedek Par\u00e7a<br \/>\n\t\t\t\t\t<\/a><br \/>\n\t\t\t\t\t\t\t\t\t\t<img decoding=\"async\" loading=\"lazy\" width=\"640\" height=\"360\" src=\"https:\/\/ktk.com.tr\/wp-content\/uploads\/2020\/01\/thinktop_d30_left_side_640x360.png\" alt=\"\" class=\"ktk\" srcset=\"https:\/\/ktk.com.tr\/wp-content\/uploads\/2020\/01\/thinktop_d30_left_side_640x360.png 640w, https:\/\/ktk.com.tr\/wp-content\/uploads\/2020\/01\/thinktop_d30_left_side_640x360-300x169.png 300w, https:\/\/ktk.com.tr\/wp-content\/uploads\/2020\/01\/thinktop_d30_left_side_640x360-1x1.png 1w\" sizes=\"(max-width: 640px) 100vw, 640px\" \/>\t\t\t\t\t\t\t\t\t\t\t<\/p>\n<h2>ThinkTop D30<\/h2>\n<p>Kompakt ve ak\u0131ll\u0131 ThinkTop\u00ae D30, hijyenik uygulamalar i\u00e7in kurulumu kolay entegre bir kontrol \u00fcnitesidir. Alan\u0131n s\u0131n\u0131rl\u0131 oldu\u011fu ve operasyonel basitli\u011fin ve g\u00fcvenilirli\u011fin \u00f6nemli oldu\u011fu yerlerde kullan\u0131m i\u00e7in uygun maliyetli bir alternatiftir.<\/p>\n<p>\u00a0\t\t<\/p>\n<h4>\u00dcr\u00fcn Bilgisi<\/h4>\n<h4>Kullan\u0131m Klavuzu<\/h4>\n<h4>Yedek Par\u00e7a<\/h4>\n<p>\t\t\t<a href=\"https:\/\/ktk.com.tr\/wp-content\/uploads\/2020\/01\/Mixers-Leaflet.pdf\" role=\"button\"><br \/>\n\t\t\t\t\t\t\u00dcr\u00fcn Bilgisi<br \/>\n\t\t\t\t\t<\/a><br \/>\n\t\t\t<a href=\"https:\/\/ktk.com.tr\/tr\/contact-us\/\" role=\"button\"><br \/>\n\t\t\t\t\t\tL\u00fctfen \u0130leti\u015fime Ge\u00e7iniz<br \/>\n\t\t\t\t\t<\/a><br \/>\n\t\t\t<a href=\"https:\/\/ktk.com.tr\/wp-content\/uploads\/2020\/01\/Automation-Spare-Parts.pdf\" role=\"button\"><br \/>\n\t\t\t\t\t\tYedek Par\u00e7a<br \/>\n\t\t\t\t\t<\/a><\/p>","protected":false},"excerpt":{"rendered":"<p>ThinkTop Basic ThinkTop and ThinkTop Basic offers reliable operation, standard functionality and cost-effective operation for general applications in the dairy, food and beverage, and biopharm industries. Product Data Instruction Manual Spare Parts Product Data Please Contact Us Spare Parts ThinkTop The compact Alfa Laval ThinkTop V50 and V70 are the second-generation of the leading sensing [&hellip;]<\/p>","protected":false},"author":1,"featured_media":0,"parent":0,"menu_order":0,"comment_status":"closed","ping_status":"closed","template":"","meta":[],"_links":{"self":[{"href":"https:\/\/ktk.com.tr\/tr\/wp-json\/wp\/v2\/pages\/487"}],"collection":[{"href":"https:\/\/ktk.com.tr\/tr\/wp-json\/wp\/v2\/pages"}],"about":[{"href":"https:\/\/ktk.com.tr\/tr\/wp-json\/wp\/v2\/types\/page"}],"author":[{"embeddable":true,"href":"https:\/\/ktk.com.tr\/tr\/wp-json\/wp\/v2\/users\/1"}],"replies":[{"embeddable":true,"href":"https:\/\/ktk.com.tr\/tr\/wp-json\/wp\/v2\/comments?post=487"}],"version-history":[{"count":12,"href":"https:\/\/ktk.com.tr\/tr\/wp-json\/wp\/v2\/pages\/487\/revisions"}],"predecessor-version":[{"id":2413,"href":"https:\/\/ktk.com.tr\/tr\/wp-json\/wp\/v2\/pages\/487\/revisions\/2413"}],"wp:attachment":[{"href":"https:\/\/ktk.com.tr\/tr\/wp-json\/wp\/v2\/media?parent=487"}],"curies":[{"name":"wp","href":"https:\/\/api.w.org\/{rel}","templated":true}]}}