{"id":486,"date":"2019-12-22T13:29:43","date_gmt":"2019-12-22T13:29:43","guid":{"rendered":"http:\/\/ktk.com.tr\/?page_id=486"},"modified":"2020-01-20T09:41:35","modified_gmt":"2020-01-20T09:41:35","slug":"automation","status":"publish","type":"page","link":"https:\/\/ktk.com.tr\/tr\/automation\/","title":{"rendered":"Otomasyon"},"content":{"rendered":"<p><img decoding=\"async\" loading=\"lazy\" width=\"640\" height=\"360\" src=\"https:\/\/ktk.com.tr\/wp-content\/uploads\/2020\/01\/thinktop-thinktopbasic_640x360.png\" alt=\"\" class=\"ktk\" srcset=\"https:\/\/ktk.com.tr\/wp-content\/uploads\/2020\/01\/thinktop-thinktopbasic_640x360.png 640w, https:\/\/ktk.com.tr\/wp-content\/uploads\/2020\/01\/thinktop-thinktopbasic_640x360-300x169.png 300w, https:\/\/ktk.com.tr\/wp-content\/uploads\/2020\/01\/thinktop-thinktopbasic_640x360-1x1.png 1w\" sizes=\"(max-width: 640px) 100vw, 640px\" \/>\t\t\t\t\t\t\t\t\t\t\t<\/p>\n<h1>Otomasyon<\/h1>\n<p style=\"text-align: center;\">Kontrol \u00fcnitelerimiz, s\u0131v\u0131 elle\u00e7leme s\u00fcrecinin ola\u011fan\u00fcst\u00fc g\u00f6zetim ve kontrol\u00fcn\u00fc sa\u011flar. Kontrol \u00fcniteleri, ko\u015fullara bak\u0131lmaks\u0131z\u0131n \u00fcretim s\u0131ras\u0131nda maksimum g\u00fcvenli\u011fi sa\u011flamak \u00fczere tasarlanm\u0131\u015f, kendini kan\u0131tlam\u0131\u015f \u00f6zelliklere sahiptir.<\/p>\n<p>\t\t\t\t\t\t\t\t\t\t<img decoding=\"async\" loading=\"lazy\" width=\"640\" height=\"360\" src=\"https:\/\/ktk.com.tr\/wp-content\/uploads\/2020\/01\/inditop_front_640x360.png\" alt=\"\" class=\"ktk\" srcset=\"https:\/\/ktk.com.tr\/wp-content\/uploads\/2020\/01\/inditop_front_640x360.png 640w, https:\/\/ktk.com.tr\/wp-content\/uploads\/2020\/01\/inditop_front_640x360-300x169.png 300w, https:\/\/ktk.com.tr\/wp-content\/uploads\/2020\/01\/inditop_front_640x360-1x1.png 1w\" sizes=\"(max-width: 640px) 100vw, 640px\" \/>\t\t\t\t\t\t\t\t\t\t\t<\/p>\n<h2>G\u00f6sterge \u00dcniteleri<\/h2>\n<p>Verimli bir ak\u0131\u015f sistemini izlemek ve kontrol etmek i\u00e7in Alfa Laval, eksiksiz bir valf otomasyon \u00e7\u00f6z\u00fcmleri yelpazesi sunar. Otomasyon sistemlerimiz her zaman g\u00fcvenilir durum geri bildirimi sa\u011flar ve hem kurulumu hem de \u00e7al\u0131\u015ft\u0131r\u0131lmas\u0131 kolayd\u0131r. G\u00f6sterge \u00fcnitelerimiz hijyenik uygulamalarda kullan\u0131lan vanalar\u0131n konumu hakk\u0131nda temel bilgiler sa\u011flar. Kan\u0131tlanm\u0131\u015f teknolojiye dayanarak, bu vana konum g\u00f6stergesi serisi g\u00fcvenli, g\u00fcvenilir ve ekonomik \u00e7al\u0131\u015fma sunar.<\/p>\n<p>\t\t\t<a href=\"https:\/\/ktk.com.tr\/tr\/indication-units\/\" role=\"button\"><br \/>\n\t\t\t\t\t\tDaha Fazla<br \/>\n\t\t\t\t\t<\/a><br \/>\n\t\t\t\t\t\t\t\t\t\t<img decoding=\"async\" loading=\"lazy\" width=\"640\" height=\"360\" src=\"https:\/\/ktk.com.tr\/wp-content\/uploads\/2020\/01\/thinktop_front_640x360.png\" alt=\"\" class=\"ktk\" srcset=\"https:\/\/ktk.com.tr\/wp-content\/uploads\/2020\/01\/thinktop_front_640x360.png 640w, https:\/\/ktk.com.tr\/wp-content\/uploads\/2020\/01\/thinktop_front_640x360-300x169.png 300w, https:\/\/ktk.com.tr\/wp-content\/uploads\/2020\/01\/thinktop_front_640x360-1x1.png 1w\" sizes=\"(max-width: 640px) 100vw, 640px\" \/>\t\t\t\t\t\t\t\t\t\t\t<\/p>\n<h2>Control \u00dcniteleri<\/h2>\n<p>Verimli bir ak\u0131\u015f sistemini izlemek ve kontrol etmek i\u00e7in Alfa Laval, eksiksiz bir valf otomasyon \u00e7\u00f6z\u00fcmleri yelpazesi sunar. Otomasyon sistemlerimiz her zaman g\u00fcvenilir durum geri bildirimi sa\u011flar ve hem kurulumu hem de \u00e7al\u0131\u015ft\u0131r\u0131lmas\u0131 kolayd\u0131r. Kontrol \u00fcnitelerimiz, s\u0131v\u0131 elle\u00e7leme s\u00fcrecinin ola\u011fan\u00fcst\u00fc g\u00f6zetim ve kontrol\u00fcn\u00fc sa\u011flar. Kontrol \u00fcniteleri, ko\u015fullara bak\u0131lmaks\u0131z\u0131n \u00fcretim s\u0131ras\u0131nda maksimum g\u00fcvenli\u011fi sa\u011flamak \u00fczere tasarlanm\u0131\u015f, kendini kan\u0131tlam\u0131\u015f \u00f6zelliklere sahiptir.<\/p>\n<p>\t\t\t<a href=\"https:\/\/ktk.com.tr\/tr\/control-heads\/\" role=\"button\"><br \/>\n\t\t\t\t\t\tDaha Fazla<br \/>\n\t\t\t\t\t<\/a><\/p>","protected":false},"excerpt":{"rendered":"<p>Automation Our control units provide exceptional surveillance and control of the fluid handling process. The control units have well-proven features designed to ensure maximum safety during production, regardless of conditions. Indication Units To monitor and control an efficient flow system, Alfa Laval offers a full range of accurate valve automation solutions. Our automation systems provide [&hellip;]<\/p>","protected":false},"author":1,"featured_media":0,"parent":0,"menu_order":0,"comment_status":"closed","ping_status":"closed","template":"","meta":[],"_links":{"self":[{"href":"https:\/\/ktk.com.tr\/tr\/wp-json\/wp\/v2\/pages\/486"}],"collection":[{"href":"https:\/\/ktk.com.tr\/tr\/wp-json\/wp\/v2\/pages"}],"about":[{"href":"https:\/\/ktk.com.tr\/tr\/wp-json\/wp\/v2\/types\/page"}],"author":[{"embeddable":true,"href":"https:\/\/ktk.com.tr\/tr\/wp-json\/wp\/v2\/users\/1"}],"replies":[{"embeddable":true,"href":"https:\/\/ktk.com.tr\/tr\/wp-json\/wp\/v2\/comments?post=486"}],"version-history":[{"count":6,"href":"https:\/\/ktk.com.tr\/tr\/wp-json\/wp\/v2\/pages\/486\/revisions"}],"predecessor-version":[{"id":2411,"href":"https:\/\/ktk.com.tr\/tr\/wp-json\/wp\/v2\/pages\/486\/revisions\/2411"}],"wp:attachment":[{"href":"https:\/\/ktk.com.tr\/tr\/wp-json\/wp\/v2\/media?parent=486"}],"curies":[{"name":"wp","href":"https:\/\/api.w.org\/{rel}","templated":true}]}}