{"id":479,"date":"2019-12-22T13:29:43","date_gmt":"2019-12-22T13:29:43","guid":{"rendered":"http:\/\/ktk.com.tr\/?page_id=479"},"modified":"2020-01-16T09:43:03","modified_gmt":"2020-01-16T09:43:03","slug":"beverage","status":"publish","type":"page","link":"https:\/\/ktk.com.tr\/tr\/beverage\/","title":{"rendered":"\u0130\u00e7ecek"},"content":{"rendered":"<h2>\u0130\u00e7ecek<\/h2>\n<h2>\u0130\u00e7ecek End\u00fcstrisindeki Zorluklar<\/h2>\n<p>Ticari olarak temin edilebilen i\u00e7eceklerin \u00e7e\u015fitlili\u011fi, hem rekabetin bollu\u011funu hem de her bir \u00fcr\u00fcn\u00fcn \u00fcretimindeki proses fark\u0131n\u0131 g\u00f6stermektedir. \u0130ster s\u0131v\u0131lar\u0131n kat\u0131 maddelerden, meyve ve sebze i\u015fleme, kar\u0131\u015ft\u0131rma veya konsantre veya tatland\u0131r\u0131c\u0131 eklenmesi olsun, Matrix tutarl\u0131, y\u00fcksek kaliteli bir \u00fcr\u00fcn \u00fcreten ak\u0131ll\u0131 tasar\u0131m s\u00fcreci geli\u015ftirebilir. T\u00fcm birim girdi maliyetleri daha d\u00fc\u015f\u00fck karbon ayak izi ile azalt\u0131l\u0131r.<\/p>\n<h2>Ak\u0131ll\u0131 Tasar\u0131m \u0130\u00e7ecek \u00dcretimi<\/h2>\n<p>\u0130\u00e7ecek end\u00fcstrisinin taleplerini ve ortaya \u00e7\u0131kan say\u0131s\u0131z zorluklar\u0131 anl\u0131yoruz. Hijyen ve kalite kontrol\u00fcn kat\u0131 standartlar\u0131 ve \u00fcretim hatt\u0131 boyunca kaynaklar\u0131n ve israf\u0131n maliyeti.<\/p>\n<p>Matrix, enerji ve su harcamas\u0131n\u0131 azalt\u0131rken, \u00fcr\u00fcn ve i\u00e7erik kayb\u0131n\u0131 azalt\u0131rken \u00fcretim verimini art\u0131ran s\u00fcre\u00e7 \u00e7\u00f6z\u00fcmleri uygulamaya \u00e7al\u0131\u015fmaktad\u0131r. Y\u00fcksek viskoziteli s\u0131v\u0131lar\u0131n hassas s\u0131cakl\u0131k kontrol\u00fc ve y\u00f6netimi ile ilgili \u00e7\u00f6z\u00fcmler sa\u011flayabiliriz.<\/p>\n<p>\u00d6nceden kurulmu\u015f s\u00fcre\u00e7lerle sorunsuz bir \u015fekilde b\u00fct\u00fcnle\u015fen, tesis d\u0131\u015f\u0131nda prefabrik, teslim edilmi\u015f ve kurulmu\u015f Skid Mounted Solutions sunuyoruz. Karma\u015f\u0131kl\u0131k ne olursa olsun, Matrix'in s\u00fcreci basitle\u015ftirmesine izin verin.<\/p>\n<h2>Bir sonraki ad\u0131m nedir?<\/h2>\n<p>\u015eirketinizin mevcut operasyonunu de\u011ferlendirece\u011fiz ve spesifikasyona g\u00f6re \u00f6zel bir \u00e7\u00f6z\u00fcm geli\u015ftirece\u011fiz. Daha sonra kurulum, e\u011fitim ve bak\u0131m ile verimli ve rekabet g\u00fcc\u00fc y\u00fcksek bir \u00fcr\u00fcn olu\u015fturmak i\u00e7in birlikte \u00e7al\u0131\u015farak s\u00fcrekli hizmet sunuyoruz. Is\u0131 e\u015fanj\u00f6rleri, kar\u0131\u015ft\u0131r\u0131c\u0131lar, kar\u0131\u015ft\u0131r\u0131c\u0131lar, \u00f6l\u00e7\u00fcm kontrol\u00fc i\u00e7in otomatik valflere kadar pratik, otomatik ve optimize edilmi\u015f \u00e7\u00f6z\u00fcmler bulabilir ve bak\u0131m\u0131n\u0131 yapabiliriz.<\/p>\n<h3>\u0130\u00e7ecek \u00fcretiminizi bug\u00fcn optimize edin<\/h3>","protected":false},"excerpt":{"rendered":"<p>BEVERAGE Challenges in the Beverage industry The diversity of beverages commercially available suggests both the abundance of competition, as well as the difference in process for the manufacturing of each individual product. Whether it be the separation of liquids from solids, fruit and vegetable processing, mixing or the addition of concentrate or sweetener, Matrix can [&hellip;]<\/p>","protected":false},"author":1,"featured_media":0,"parent":0,"menu_order":0,"comment_status":"closed","ping_status":"closed","template":"elementor_header_footer","meta":[],"_links":{"self":[{"href":"https:\/\/ktk.com.tr\/tr\/wp-json\/wp\/v2\/pages\/479"}],"collection":[{"href":"https:\/\/ktk.com.tr\/tr\/wp-json\/wp\/v2\/pages"}],"about":[{"href":"https:\/\/ktk.com.tr\/tr\/wp-json\/wp\/v2\/types\/page"}],"author":[{"embeddable":true,"href":"https:\/\/ktk.com.tr\/tr\/wp-json\/wp\/v2\/users\/1"}],"replies":[{"embeddable":true,"href":"https:\/\/ktk.com.tr\/tr\/wp-json\/wp\/v2\/comments?post=479"}],"version-history":[{"count":5,"href":"https:\/\/ktk.com.tr\/tr\/wp-json\/wp\/v2\/pages\/479\/revisions"}],"predecessor-version":[{"id":2229,"href":"https:\/\/ktk.com.tr\/tr\/wp-json\/wp\/v2\/pages\/479\/revisions\/2229"}],"wp:attachment":[{"href":"https:\/\/ktk.com.tr\/tr\/wp-json\/wp\/v2\/media?parent=479"}],"curies":[{"name":"wp","href":"https:\/\/api.w.org\/{rel}","templated":true}]}}