{"id":475,"date":"2019-12-22T13:01:20","date_gmt":"2019-12-22T13:01:20","guid":{"rendered":"http:\/\/ktk.com.tr\/?page_id=475"},"modified":"2020-01-16T09:42:03","modified_gmt":"2020-01-16T09:42:03","slug":"pharmaceutical","status":"publish","type":"page","link":"https:\/\/ktk.com.tr\/tr\/pharmaceutical\/","title":{"rendered":"\u0130la\u00e7 \/ Biyoteknoloji"},"content":{"rendered":"<h2>\u0130LA\u00c7 &amp; B\u0130YOTEKNOLOJ\u0130<\/h2>\n<p>Farmas\u00f6tik proses i\u00e7in hassasiyet, hijyen ve ekipman \u00e7al\u0131\u015fma gereksinimleri \u00e7ok \u00f6nemlidir. Standartlara uygunlu\u011fu sa\u011flanm\u0131\u015f temiz, kontroll\u00fc bir ortam\u0131n en \u00f6nemli gereksinimi standartlara ve kalite gereksinimlerine uygun ekipmanlarla donat\u0131lmas\u0131d\u0131r. Distrib\u00fct\u00f6r\u00fc oldu\u011fumuz Alfa Laval engin tecr\u00fcbesi ile bu alanda ileri teknoloji ve verimi \u00f6nde tutan ekipman \u00e7\u00f6z\u00fcmleri ile m\u00fc\u015fterimizin her zaman yan\u0131ndad\u0131r.<\/p>\n<h2>Farmas\u00f6tik S\u00fcrd\u00fcrebilirlik<\/h2>\n<p>Farmas\u00f6tik \u00fcretim ile ilgili bir di\u011fer zorluk, suyun korunmas\u0131d\u0131r. Ar\u0131t\u0131lm\u0131\u015f suyu optimum s\u0131cakl\u0131klarda tutmak \u00e7ok enerji yo\u011fundur. \u015eirket a\u00e7\u0131s\u0131ndan bak\u0131ld\u0131\u011f\u0131nda bu \u00e7ok pahal\u0131ya d\u00f6n\u00fc\u015f\u00fcyor. Ancak daha b\u00fcy\u00fck \u00f6nem, bunun karbon emisyonlar\u0131 nedeniyle \u00e7evre \u00fczerindeki ciddi etkisidir.<\/p>\n<p>KTK, \u015firket i\u00e7in faydal\u0131 olan, end\u00fcstri d\u00fczenlemelerine ba\u011fl\u0131 \u00e7evre i\u00e7in farmas\u00f6tik su sistemi \u00e7\u00f6z\u00fcmleri sunabilir. Bu \u00e7\u00f6z\u00fcmler:<\/p>\n<ul>\n<li>Su kalitesinin sa\u011flanmas\u0131<\/li>\n<li>Kaliteyi veya performans\u0131 d\u00fc\u015f\u00fcrmeden enerji t\u00fcketimini azalt\u0131n<\/li>\n<li>Biyofilm olu\u015fumunu ve kontaminasyon riskini azalt\u0131n<\/li>\n<li>Kabala\u015ft\u0131rmay\u0131 En Aza \u0130ndir<\/li>\n<\/ul>\n<h2>Uzman de\u011ferlendirmesi al\u0131n<\/h2>\n<p>End\u00fcstrinin gereksinimlerini kar\u015f\u0131lamak, \u00e7o\u011fu zaman \u015firketlerin \u00fcretim hatlar\u0131n\u0131 optimize etme f\u0131rsatlar\u0131n\u0131 ka\u00e7\u0131rmas\u0131na yol a\u00e7ar. KTK'n\u0131n sitenizi de\u011ferlendirmesine izin verin. Bir varl\u0131k kayd\u0131 dahil, optimum alanlardan daha az\u0131n\u0131 tan\u0131mlayan ve \u00f6zel ihtiya\u00e7lar\u0131n\u0131za g\u00f6re \u00f6zelle\u015ftirilmi\u015f \u00e7\u00f6z\u00fcmler \u00fcreten kapsaml\u0131 bir de\u011ferlendirme sa\u011flayabiliriz. Ak\u0131ll\u0131 tasar\u0131m \u00e7\u00f6z\u00fcmlerimiz \u00e7evreye oldu\u011fu kadar bir\u00e7ok \u015firkete de fayda sa\u011flam\u0131\u015ft\u0131r. Teknoloji ve s\u00fcrd\u00fcr\u00fclebilirlik a\u00e7\u0131s\u0131ndan sekt\u00f6r\u00fcn \u00f6n saflar\u0131nda yer al\u0131n.<\/p>\n<h3>Daha fazla farmas\u00f6tik uygulama i\u00e7in KTK ile ileti\u015fim kurun<\/h3>","protected":false},"excerpt":{"rendered":"<p>PHARMACEUTICAL From development to production, the precision, hygiene, and equipment operation requirements for pharmaceuticals are paramount. The importance of a clean, controlled environment, and equipment that meets every standard and regulation offers no margin for error. KTK Process solutions has helped refine many companies in producing high quality pharmaceuticals, through smart design engineering. Pharmaceutical Sustainability [&hellip;]<\/p>","protected":false},"author":1,"featured_media":0,"parent":0,"menu_order":0,"comment_status":"closed","ping_status":"closed","template":"elementor_header_footer","meta":[],"_links":{"self":[{"href":"https:\/\/ktk.com.tr\/tr\/wp-json\/wp\/v2\/pages\/475"}],"collection":[{"href":"https:\/\/ktk.com.tr\/tr\/wp-json\/wp\/v2\/pages"}],"about":[{"href":"https:\/\/ktk.com.tr\/tr\/wp-json\/wp\/v2\/types\/page"}],"author":[{"embeddable":true,"href":"https:\/\/ktk.com.tr\/tr\/wp-json\/wp\/v2\/users\/1"}],"replies":[{"embeddable":true,"href":"https:\/\/ktk.com.tr\/tr\/wp-json\/wp\/v2\/comments?post=475"}],"version-history":[{"count":10,"href":"https:\/\/ktk.com.tr\/tr\/wp-json\/wp\/v2\/pages\/475\/revisions"}],"predecessor-version":[{"id":2227,"href":"https:\/\/ktk.com.tr\/tr\/wp-json\/wp\/v2\/pages\/475\/revisions\/2227"}],"wp:attachment":[{"href":"https:\/\/ktk.com.tr\/tr\/wp-json\/wp\/v2\/media?parent=475"}],"curies":[{"name":"wp","href":"https:\/\/api.w.org\/{rel}","templated":true}]}}