{"id":458,"date":"2019-12-22T12:29:28","date_gmt":"2019-12-22T12:29:28","guid":{"rendered":"http:\/\/ktk.com.tr\/?page_id=458"},"modified":"2021-04-22T19:59:08","modified_gmt":"2021-04-22T16:59:08","slug":"industries","status":"publish","type":"page","link":"https:\/\/ktk.com.tr\/tr\/industries\/","title":{"rendered":"End\u00fcstriler"},"content":{"rendered":"<div class=\"col grid4 alpha pct\">\n<div class=\"feature\"><a href=\"https:\/\/ktk.com.tr\/tr\/pharmaceutical\/\"><img decoding=\"async\" src=\"https:\/\/ktk.com.tr\/wp-content\/uploads\/2019\/12\/B145BF9E-B1C6-4AD6-908F-46B795D44A9A.jpeg\"><\/a><h3>\u0130la\u00e7 \/ Biyoteknoloji<\/h3><\/div>\n<\/div>\n<div class=\"col grid4 pct\">\n<div class=\"feature\"><a href=\"https:\/\/ktk.com.tr\/tr\/beverage\/\"><img decoding=\"async\" src=\"https:\/\/ktk.com.tr\/wp-content\/uploads\/2019\/12\/5A6F0E99-6CA7-491D-8F97-045C177A4181.jpeg\"><\/a><h3>\u0130\u00e7ecek<\/h3><\/div>\n<\/div>\n<div class=\"col grid4 omega pct\">\n<div class=\"feature\"><a href=\"https:\/\/ktk.com.tr\/tr\/dairy\/\"><img decoding=\"async\" src=\"https:\/\/ktk.com.tr\/wp-content\/uploads\/2019\/12\/FCED97EB-1F73-446F-95FB-D6CA25CD403D.jpeg\"><\/a><h3>S\u00fct \u00dcr\u00fcnleri<\/h3><\/div>\n<\/div>\n<div class=\"clear\"><\/div><br \/>","protected":false},"excerpt":{"rendered":"","protected":false},"author":1,"featured_media":0,"parent":0,"menu_order":0,"comment_status":"closed","ping_status":"closed","template":"","meta":[],"_links":{"self":[{"href":"https:\/\/ktk.com.tr\/tr\/wp-json\/wp\/v2\/pages\/458"}],"collection":[{"href":"https:\/\/ktk.com.tr\/tr\/wp-json\/wp\/v2\/pages"}],"about":[{"href":"https:\/\/ktk.com.tr\/tr\/wp-json\/wp\/v2\/types\/page"}],"author":[{"embeddable":true,"href":"https:\/\/ktk.com.tr\/tr\/wp-json\/wp\/v2\/users\/1"}],"replies":[{"embeddable":true,"href":"https:\/\/ktk.com.tr\/tr\/wp-json\/wp\/v2\/comments?post=458"}],"version-history":[{"count":13,"href":"https:\/\/ktk.com.tr\/tr\/wp-json\/wp\/v2\/pages\/458\/revisions"}],"predecessor-version":[{"id":2494,"href":"https:\/\/ktk.com.tr\/tr\/wp-json\/wp\/v2\/pages\/458\/revisions\/2494"}],"wp:attachment":[{"href":"https:\/\/ktk.com.tr\/tr\/wp-json\/wp\/v2\/media?parent=458"}],"curies":[{"name":"wp","href":"https:\/\/api.w.org\/{rel}","templated":true}]}}