{"id":456,"date":"2019-12-22T12:29:28","date_gmt":"2019-12-22T12:29:28","guid":{"rendered":"http:\/\/ktk.com.tr\/?page_id=456"},"modified":"2021-04-22T19:56:44","modified_gmt":"2021-04-22T16:56:44","slug":"products","status":"publish","type":"page","link":"https:\/\/ktk.com.tr\/tr\/products\/","title":{"rendered":"\u00dcr\u00fcnler"},"content":{"rendered":"<div class=\"col grid4 alpha pct\">\n<div class=\"feature\"><a href=\"https:\/\/ktk.com.tr\/tr\/heat-exchangers\/\"><img decoding=\"async\" src=\"https:\/\/ktk.com.tr\/wp-content\/uploads\/2020\/01\/Ekran-Resmi-2020-01-06-10.59.26-1024x896.png\"><\/a><h3>Is\u0131 De\u011fi\u015ftiriciler<\/h3><\/div>\n<\/div>\n<div class=\"col grid4 pct\">\n<div class=\"feature\"><a href=\"https:\/\/ktk.com.tr\/tr\/valves\/\"><img decoding=\"async\" src=\"https:\/\/ktk.com.tr\/wp-content\/uploads\/2020\/01\/Ekran-Resmi-2020-01-06-11.00.01-1024x854.png\"><\/a><h3>Vanalar<\/h3><\/div>\n<\/div>\n<div class=\"col grid4 omega pct\">\n<div class=\"feature\"><a href=\"https:\/\/ktk.com.tr\/tr\/tank-accessories\/\"><img decoding=\"async\" src=\"https:\/\/ktk.com.tr\/wp-content\/uploads\/2020\/01\/Ekran-Resmi-2020-01-06-10.59.38-1024x893.png\"><\/a><h3>Tank Ekipmanlar\u0131<\/h3><\/div>\n<\/div><div class=\"clear\"><\/div><br \/>\n<div class=\"col grid4 alpha pct\">\n<div class=\"feature\"><a href=\"https:\/\/ktk.com.tr\/tr\/tank-cleaning-equipment\/\"><img decoding=\"async\" src=\"https:\/\/ktk.com.tr\/wp-content\/uploads\/2020\/01\/28-1.jpg\"><\/a><h3>Tank Temizleme Ekipmanlar\u0131<\/h3><\/div>\n<\/div>\n<div class=\"col grid4 pct\">\n<div class=\"feature\"><a href=\"https:\/\/ktk.com.tr\/tr\/pumps\/\"><img decoding=\"async\" src=\"https:\/\/ktk.com.tr\/wp-content\/uploads\/2020\/01\/rotary-lobe-pumps-sx-7062.jpg\"><\/a><h3>Pompalar<\/h3><\/div>\n<\/div>\n<div class=\"col grid4 omega pct\">\n<div class=\"feature\"><a href=\"https:\/\/ktk.com.tr\/tr\/mixing-equipment\/\"><img decoding=\"async\" src=\"https:\/\/ktk.com.tr\/wp-content\/uploads\/2020\/01\/Ekran-Resmi-2020-01-06-10.58.58-1024x937.png\"><\/a><h3>Kar\u0131\u015ft\u0131rma Ekipmanlar\u0131<\/h3><\/div>\n<\/div><div class=\"clear\"><\/div><br \/>\n<div class=\"col grid4 alpha pct\">\n<div class=\"feature\"><a href=\"https:\/\/ktk.com.tr\/tr\/separation\/\"><img decoding=\"async\" src=\"https:\/\/ktk.com.tr\/wp-content\/uploads\/2020\/01\/module_m30_front_640x360.png\"><\/a><h3>Ayr\u0131\u015ft\u0131rma<\/h3><\/div>\n<\/div>\n<div class=\"col grid4 pct\">\n<div class=\"feature\"><a href=\"https:\/\/ktk.com.tr\/tr\/instrumentation\/\"><img decoding=\"async\" src=\"https:\/\/ktk.com.tr\/wp-content\/uploads\/2020\/01\/Ekran-Resmi-2020-01-06-10.55.56-1024x876.png\"><\/a><h3>\u00d6l\u00e7\u00fcm Enstr\u00fcmanlar\u0131<\/h3><\/div>\n<\/div>\n<div class=\"col grid4 omega pct\">\n<div class=\"feature\"><a href=\"https:\/\/ktk.com.tr\/tr\/tube-fitting\/\"><img decoding=\"async\" src=\"https:\/\/ktk.com.tr\/wp-content\/uploads\/2020\/01\/Ekran-Resmi-2020-01-06-10.53.59-1024x854.png\"><\/a><h3>Boru ve ba\u011flant\u0131 Par\u00e7alar\u0131<\/h3><\/div>\n<\/div><div class=\"clear\"><\/div><br \/>\n<div class=\"col grid4 alpha pct\">\n&nbsp;<br \/>\n<\/div>\n<div class=\"col grid4 pct\">\n<div class=\"feature\"><a href=\"https:\/\/ktk.com.tr\/tr\/automation\/\"><img decoding=\"async\" src=\"https:\/\/ktk.com.tr\/wp-content\/uploads\/2020\/01\/Ekran-Resmi-2020-01-06-10.54.37-1024x881.png\"><\/a><h3>Otomasyon<\/h3><\/div>\n<\/div>\n<div class=\"col grid4 omega pct\">\n&nbsp;<br \/>\n<\/div>\n<div class=\"clear\"><\/div><br \/>","protected":false},"excerpt":{"rendered":"","protected":false},"author":1,"featured_media":0,"parent":0,"menu_order":0,"comment_status":"closed","ping_status":"closed","template":"","meta":[],"_links":{"self":[{"href":"https:\/\/ktk.com.tr\/tr\/wp-json\/wp\/v2\/pages\/456"}],"collection":[{"href":"https:\/\/ktk.com.tr\/tr\/wp-json\/wp\/v2\/pages"}],"about":[{"href":"https:\/\/ktk.com.tr\/tr\/wp-json\/wp\/v2\/types\/page"}],"author":[{"embeddable":true,"href":"https:\/\/ktk.com.tr\/tr\/wp-json\/wp\/v2\/users\/1"}],"replies":[{"embeddable":true,"href":"https:\/\/ktk.com.tr\/tr\/wp-json\/wp\/v2\/comments?post=456"}],"version-history":[{"count":16,"href":"https:\/\/ktk.com.tr\/tr\/wp-json\/wp\/v2\/pages\/456\/revisions"}],"predecessor-version":[{"id":2493,"href":"https:\/\/ktk.com.tr\/tr\/wp-json\/wp\/v2\/pages\/456\/revisions\/2493"}],"wp:attachment":[{"href":"https:\/\/ktk.com.tr\/tr\/wp-json\/wp\/v2\/media?parent=456"}],"curies":[{"name":"wp","href":"https:\/\/api.w.org\/{rel}","templated":true}]}}