{"id":455,"date":"2019-12-22T12:29:28","date_gmt":"2019-12-22T12:29:28","guid":{"rendered":"http:\/\/ktk.com.tr\/?page_id=455"},"modified":"2021-10-25T16:43:05","modified_gmt":"2021-10-25T13:43:05","slug":"about","status":"publish","type":"page","link":"https:\/\/ktk.com.tr\/tr\/about\/","title":{"rendered":"Hakk\u0131nda"},"content":{"rendered":"<h2><img decoding=\"async\" class=\"alignnone size-large wp-image-2098\" src=\"https:\/\/ktk.com.tr\/wp-content\/uploads\/2020\/01\/discover-alfa-laval-ultrapure-1024x574.jpg\" alt=\"\" width=\"100%\" srcset=\"https:\/\/ktk.com.tr\/wp-content\/uploads\/2020\/01\/discover-alfa-laval-ultrapure-1024x574.jpg 1024w, https:\/\/ktk.com.tr\/wp-content\/uploads\/2020\/01\/discover-alfa-laval-ultrapure-300x168.jpg 300w, https:\/\/ktk.com.tr\/wp-content\/uploads\/2020\/01\/discover-alfa-laval-ultrapure-768x430.jpg 768w, https:\/\/ktk.com.tr\/wp-content\/uploads\/2020\/01\/discover-alfa-laval-ultrapure-1536x861.jpg 1536w, https:\/\/ktk.com.tr\/wp-content\/uploads\/2020\/01\/discover-alfa-laval-ultrapure-2048x1148.jpg 2048w, https:\/\/ktk.com.tr\/wp-content\/uploads\/2020\/01\/discover-alfa-laval-ultrapure-1x1.jpg 1w\" sizes=\"(max-width: 1024px) 100vw, 1024px\" \/><\/h2>\n<h2>KTK Proses \u00c7\u00f6z\u00fcmleri<\/h2>\n<p id=\"tw-target-text\" dir=\"ltr\" data-placeholder=\"\u00c7eviri\">KTK Proses \u00c7\u00f6z\u00fcmleri G\u0131da Bira, G\u0131da, S\u00fct, \u0130\u00e7ecek, \u0130la\u00e7 ve ilgili sekt\u00f6rlere yenilik\u00e7i teknik \u00e7\u00f6z\u00fcmler sunmaktad\u0131r.<\/p>\n<p style=\"text-align: left;\">KTK is distributor in Turkey,\u00a0Armenia and Georgia\u00a0for the Alfa Laval Hygienic sanitary portfolio, a distribution partnership which has been in place since 2010.<\/p>\n<p id=\"tw-target-text\" dir=\"ltr\" data-placeholder=\"\u00c7eviri\">Her m\u00fc\u015fteri, her site ve her proje benzersizdir. KTK, yetenekli ve deneyimli kadrosu ile m\u00fc\u015fterilerimize h\u0131zl\u0131, etkili ve verimli \u00e7\u00f6z\u00fcmler sunar.<\/p>\n<h2>Misyonumuz<\/h2>\n<p id=\"tw-target-text\" dir=\"ltr\" data-placeholder=\"\u00c7eviri\">Y\u00fcksek teknoloji \u00fcr\u00fcn\u00fc ekipman sat\u0131\u015f ve hizmetlerimizle m\u00fc\u015fterilerimizin projelerinin \u00e7\u00f6z\u00fcm orta\u011f\u0131 olmak.<\/p>\n<h2>Vizyonumuz<\/h2>\n<p>M\u00fc\u015fterilerimizin beklentilerinin \u00f6tesinde en y\u00fcksek memnuniyeti sa\u011flamak.<\/p>\n<h2>De\u011ferlerimiz<\/h2>\n<p id=\"tw-target-text\" dir=\"ltr\" data-placeholder=\"\u00c7eviri\">K\u00fc\u00e7\u00fck ve dinamik bir \u015firket olarak harika sonu\u00e7lar elde etme arzusuyla hareket ediyoruz. Yenilik\u00e7i ekipmanlarla m\u00fckemmel kalite sa\u011flamak bizim g\u00f6revimizdir. D\u00fc\u015f\u00fcncelerimiz ve uygulamalar\u0131m\u0131z m\u00fc\u015fterilerimize esnek ve h\u0131zl\u0131 bir hizmet sunmaya y\u00f6neliktir.<\/p>\n<h2>Parnerlerimiz<\/h2>\n<h2><img decoding=\"async\" loading=\"lazy\" class=\"alignright size-medium wp-image-2144\" src=\"https:\/\/ktk.com.tr\/wp-content\/uploads\/2020\/01\/alfa-laval-v2-300x205.jpg\" alt=\"\" width=\"300\" height=\"205\" srcset=\"https:\/\/ktk.com.tr\/wp-content\/uploads\/2020\/01\/alfa-laval-v2-300x205.jpg 300w, https:\/\/ktk.com.tr\/wp-content\/uploads\/2020\/01\/alfa-laval-v2-768x525.jpg 768w, https:\/\/ktk.com.tr\/wp-content\/uploads\/2020\/01\/alfa-laval-v2-1x1.jpg 1w, https:\/\/ktk.com.tr\/wp-content\/uploads\/2020\/01\/alfa-laval-v2.jpg 1024w\" sizes=\"(max-width: 300px) 100vw, 300px\" \/>Alfa Laval<\/h2>\n<p id=\"tw-target-text\" dir=\"ltr\" data-placeholder=\"\u00c7eviri\">Alfa Laval, d\u00fcnyan\u0131n \u00f6nde gelen \u00f6zel \u00fcr\u00fcn ve m\u00fchendislik \u00e7\u00f6z\u00fcmleri tedarik\u00e7isidir. M\u00fc\u015fterilerimizin ya\u011f, su, kimyasallar, i\u00e7ecekler, g\u0131da bile\u015fenleri, ni\u015fasta ve t\u0131bbi malzemeler gibi \u00fcr\u00fcnleri \u0131s\u0131tmas\u0131na, so\u011futmas\u0131na, ayr\u0131\u015ft\u0131rmas\u0131na ve ta\u015f\u0131mas\u0131na yard\u0131mc\u0131 oluyoruz.<\/p>\n<p>&nbsp;<\/p>\n<h2><img decoding=\"async\" loading=\"lazy\" class=\"alignright size-full wp-image-2512\" src=\"https:\/\/ktk.com.tr\/wp-content\/uploads\/2021\/07\/digitalis-logo.png\" alt=\"\" width=\"254\" height=\"150\" srcset=\"https:\/\/ktk.com.tr\/wp-content\/uploads\/2021\/07\/digitalis-logo.png 254w, https:\/\/ktk.com.tr\/wp-content\/uploads\/2021\/07\/digitalis-logo-16x9.png 16w\" sizes=\"(max-width: 254px) 100vw, 254px\" \/>Digitalis Proses Sistemleri<\/h2>\n<p id=\"tw-target-text\" dir=\"ltr\" data-placeholder=\"\u00c7eviri\">Digitalis Process Systems \u015firketi, 2019 y\u0131l\u0131nda kurulan Sn. Tolga K\u0131ld\u0131r'\u0131n yeni markas\u0131d\u0131r. Digitalis, T\u00fcrkiye'nin \u00f6nde gelen global \u015firketlerinin yetkili ana temsilcisidir.<\/p>","protected":false},"excerpt":{"rendered":"<p>KTK Process Solution KTK Process Solutions offers innovative technical solutions to Food Beer, Food, Milk, Beverage, Pharmaceutical and related sectors. KTK is distributor in Turkey,\u00a0Armenia and Georgia\u00a0for the Alfa Laval Hygienic sanitary portfolio, a distribution partnership which has been in place since 2010. Every customer, every site and every project is unique. KTK offers our [&hellip;]<\/p>","protected":false},"author":1,"featured_media":0,"parent":0,"menu_order":0,"comment_status":"closed","ping_status":"closed","template":"","meta":[],"_links":{"self":[{"href":"https:\/\/ktk.com.tr\/tr\/wp-json\/wp\/v2\/pages\/455"}],"collection":[{"href":"https:\/\/ktk.com.tr\/tr\/wp-json\/wp\/v2\/pages"}],"about":[{"href":"https:\/\/ktk.com.tr\/tr\/wp-json\/wp\/v2\/types\/page"}],"author":[{"embeddable":true,"href":"https:\/\/ktk.com.tr\/tr\/wp-json\/wp\/v2\/users\/1"}],"replies":[{"embeddable":true,"href":"https:\/\/ktk.com.tr\/tr\/wp-json\/wp\/v2\/comments?post=455"}],"version-history":[{"count":31,"href":"https:\/\/ktk.com.tr\/tr\/wp-json\/wp\/v2\/pages\/455\/revisions"}],"predecessor-version":[{"id":2553,"href":"https:\/\/ktk.com.tr\/tr\/wp-json\/wp\/v2\/pages\/455\/revisions\/2553"}],"wp:attachment":[{"href":"https:\/\/ktk.com.tr\/tr\/wp-json\/wp\/v2\/media?parent=455"}],"curies":[{"name":"wp","href":"https:\/\/api.w.org\/{rel}","templated":true}]}}