{"id":261,"date":"2019-12-19T13:59:57","date_gmt":"2019-12-19T13:59:57","guid":{"rendered":"http:\/\/ktk.com.tr\/?page_id=261"},"modified":"2021-04-24T17:56:25","modified_gmt":"2021-04-24T14:56:25","slug":"home","status":"publish","type":"page","link":"https:\/\/ktk.com.tr\/tr\/","title":{"rendered":"KTK Biopharm Teknik"},"content":{"rendered":"<h2>KTK PROSES \u00c7\u00d6Z\u00dcMLER\u0130<\/h2>\n<p>Hijyenik Ak\u0131\u015f ekipmanlar\u0131 segmentinde \u00e7al\u0131\u015fan  g\u0131da, s\u00fct \u00fcr\u00fcnleri, i\u00e7ecek ve ila\u00e7 \u00fcreticileri i\u00e7in anahtar teslim projeler y\u00fcr\u00fcten uzman bir ekipten edinilen zengin deneyime sahip olan KTK, T\u00fcrkiye genelinde y\u00fczlerce \u015firketin m\u00fchendislik tedarik taleplerini kar\u015f\u0131lam\u0131\u015ft\u0131r.<\/p>\n<p>Misyonumuz; Toplam Hizmet \u00e7\u00f6z\u00fcm\u00fc sa\u011flamaya dayanmaktad\u0131r. Yani, bir \u015firketin gereksinimlerini bulmak, bu gereksinimleri kar\u015f\u0131lamak, \u015firket \u00e7al\u0131\u015fanlar\u0131n\u0131 e\u011fitmek ve ge\u00e7i\u015f s\u00fcreci boyunca onlar\u0131 desteklemek.<\/p>\n<p>Hangi sekt\u00f6re hizmet verirsek verelim, \u00e7ok y\u00f6nl\u00fcl\u00fc\u011f\u00fcm\u00fcz ile m\u00fc\u015fteri dostu verimli tasar\u0131m \u00e7\u00f6z\u00fcmlerinde yer almaktan k\u0131lan duyuyoruz. \u0130ster Hijyenik Ak\u0131\u015f Ekipmanlar\u0131, Is\u0131 e\u015fanj\u00f6rleri veya membran filtrasyon olsun, KTK ileri teknoloji ile etkili ve yenilik\u00e7i \u00e7\u00f6z\u00fcmler sunar.<\/p>\n<h2>VER\u0130ML\u0130L\u0130K VE KAL\u0130TE M\u00dc\u015eTER\u0130 \u0130LE BULU\u015eUYOR<\/h2>\n<p>KTK, ileri teknoloji ile verimlili\u011fi artt\u0131rmaya ve m\u00fc\u015fterilerine de\u011fer katmay\u0131 taahh\u00fct eder. Bizi bug\u00fcn\u00fcn \u00fcretim ortam\u0131nda benzersiz bir i\u015f orta\u011f\u0131 haline getiren, M\u00fc\u015fterilerimizin ihtiya\u00e7lar\u0131na g\u00f6re do\u011fru ve ileri teknolojiyi anlamam\u0131z ve uygulamam\u0131zd\u0131r.<\/p>\n<p>Ba\u015far\u0131m\u0131z, \u201cSekt\u00f6rdeki En \u0130yi Ekipman\u201d \u00fcreticilerinden biri ile yap\u0131lan i\u015fbirli\u011finin ve ge\u00e7mi\u015f tecr\u00fcbelerimizin yans\u0131mas\u0131d\u0131r.<\/p>\n<p>M\u00fc\u015fterilerimize, y\u00fcksek verim ve d\u00fc\u015f\u00fck girdi maliyetleri ile, \u00fcretilen birim ba\u015f\u0131na d\u00fc\u015f\u00fck ticari at\u0131k maliyetleri sunarak size yard\u0131mc\u0131 oluyoruz. Ayr\u0131ca, m\u00fc\u015fteri portf\u00f6y\u00fcm\u00fczle devam eden ili\u015fkilerimiz sayesinde m\u00fc\u015fterilerimizin kendi sekt\u00f6rlerindeki yeni geli\u015fmelere kar\u015f\u0131 onlar\u0131 her zaman g\u00fcncel tutar.<br \/>\n\n<div class=\"col grid12 pct textcenter\">\n<h2>END\u00dcSTR\u0130LER<\/h2>\n<\/div>\n<div class=\"col grid4 alpha pct\">\n<div class=\"feature\"><a href=\"https:\/\/ktk.com.tr\/tr\/pharmaceutical\/\"><img decoding=\"async\" src=\"https:\/\/ktk.com.tr\/wp-content\/uploads\/2019\/12\/B145BF9E-B1C6-4AD6-908F-46B795D44A9A.jpeg\"><\/a><h3>\u0130la\u00e7 \/ Biyoteknoloji<\/h3><\/div>\n<\/div>\n<div class=\"col grid4 pct\">\n<div class=\"feature\"><a href=\"https:\/\/ktk.com.tr\/tr\/beverage\/\"><img decoding=\"async\" src=\"https:\/\/ktk.com.tr\/wp-content\/uploads\/2019\/12\/5A6F0E99-6CA7-491D-8F97-045C177A4181.jpeg\"><\/a><h3>\u0130\u00e7ecek<\/h3><\/div>\n<\/div>\n<div class=\"col grid4 omega pct\">\n<div class=\"feature\"><a href=\"https:\/\/ktk.com.tr\/tr\/dairy\/\"><img decoding=\"async\" src=\"https:\/\/ktk.com.tr\/wp-content\/uploads\/2019\/12\/FCED97EB-1F73-446F-95FB-D6CA25CD403D.jpeg\"><\/a><h3>S\u00fct \u00dcr\u00fcnleri<\/h3><\/div>\n<\/div>\n<div class=\"clear\"><\/div><br \/>\n\n<h2>Son Haberler<\/h2>\n<div class=\"col grid3 alpha pct\"><div class=\"thumb fade\"><div class=\"photo\"><a href=\"https:\/\/ktk.com.tr\/tr\/uncategorized\/new-tj40g-cuts-tank-cleaning-time-and-costs\/\"><img src=\"https:\/\/ktk.com.tr\/wp-content\/uploads\/2020\/01\/28-1-450x300_c.jpg\" alt=\"\"><span class=\"info\"><span class=\"icon-link\"><\/span><\/span><\/a><\/div><\/div><\/div><div class=\"col grid9 omega pct post-info\"><h4><a href=\"https:\/\/ktk.com.tr\/tr\/uncategorized\/new-tj40g-cuts-tank-cleaning-time-and-costs\/\">Yeni TJ40G tank temizleme s\u00fcresini ve maliyetini d\u00fc\u015f\u00fcr\u00fcr<\/a><\/h4><em class=\"meta\"><span class=\"icon-calendar\"><\/span> 6 Ocak 2021<\/em> <em class=\"meta\"><span class=\"icon-user\"><\/span> KTK Biopharm Teknik<\/em><p class=\"small\">The TJ40G Rotary Jet Head tank-cleaning machine gets rid of residues while reducing cycle times and costs for energy, water and cleaning agents. The latest innovation within the company\u2019s broad tank cleaning portfolio, the Alfa Laval TJ40G raises the bar for tank cleaning performance of critical hygienic applications in the food, dairy, beverage,pharmaceutical, home and [&hellip;]<\/p><\/div><div class=\"clear\"><\/div><div class=\"col grid3 alpha pct\"><div class=\"thumb fade\"><div class=\"photo\"><a href=\"https:\/\/ktk.com.tr\/tr\/uncategorized\/premium-goes-prime-new-standard-in-self-priming-pump-technology\/\"><img src=\"https:\/\/ktk.com.tr\/wp-content\/uploads\/2020\/01\/lkh_prime_up_web_640x360-2-450x300_c.jpg\" alt=\"\"><span class=\"info\"><span class=\"icon-link\"><\/span><\/span><\/a><\/div><\/div><\/div><div class=\"col grid9 omega pct post-info\"><h4><a href=\"https:\/\/ktk.com.tr\/tr\/uncategorized\/premium-goes-prime-new-standard-in-self-priming-pump-technology\/\">LKH Prime - kendinden emi\u015fli pompa teknolojisinde yeni standart<\/a><\/h4><em class=\"meta\"><span class=\"icon-calendar\"><\/span> 6 Ocak 2021<\/em> <em class=\"meta\"><span class=\"icon-user\"><\/span> KTK Biopharm Teknik<\/em><p class=\"small\">The new efficient and versatile self-priming pump LKH Prime has now been launched. The new Alfa Laval LKH Prime self-priming pump is a versatile product with superior efficiency,reduced noise levels as well as meeting the latest hygienic design standards.Based on the well-known and market-leading Alfa Laval LKH pump range, the new LKH Prime is reliable [&hellip;]<\/p><\/div><div class=\"clear\"><\/div><div class=\"clear\"><\/div>","protected":false},"excerpt":{"rendered":"<p>KTK PROCESS SOLUTIONS With a wealth of experience gained from people working in the sanitary equipment segment, and executing turnkey projects for key food, dairy, beverage and pharmaceutical producers, KTK has facilitated the engineering procurement demands of hundreds of companies across Turkey. Our ideology is based on providing a Total Service solution. That is, with [&hellip;]<\/p>","protected":false},"author":1,"featured_media":0,"parent":0,"menu_order":0,"comment_status":"closed","ping_status":"closed","template":"","meta":[],"_links":{"self":[{"href":"https:\/\/ktk.com.tr\/tr\/wp-json\/wp\/v2\/pages\/261"}],"collection":[{"href":"https:\/\/ktk.com.tr\/tr\/wp-json\/wp\/v2\/pages"}],"about":[{"href":"https:\/\/ktk.com.tr\/tr\/wp-json\/wp\/v2\/types\/page"}],"author":[{"embeddable":true,"href":"https:\/\/ktk.com.tr\/tr\/wp-json\/wp\/v2\/users\/1"}],"replies":[{"embeddable":true,"href":"https:\/\/ktk.com.tr\/tr\/wp-json\/wp\/v2\/comments?post=261"}],"version-history":[{"count":94,"href":"https:\/\/ktk.com.tr\/tr\/wp-json\/wp\/v2\/pages\/261\/revisions"}],"predecessor-version":[{"id":2506,"href":"https:\/\/ktk.com.tr\/tr\/wp-json\/wp\/v2\/pages\/261\/revisions\/2506"}],"wp:attachment":[{"href":"https:\/\/ktk.com.tr\/tr\/wp-json\/wp\/v2\/media?parent=261"}],"curies":[{"name":"wp","href":"https:\/\/api.w.org\/{rel}","templated":true}]}}