{"id":1268,"date":"2020-01-06T10:44:32","date_gmt":"2020-01-06T10:44:32","guid":{"rendered":"http:\/\/ktk.com.tr\/?page_id=1268"},"modified":"2020-01-16T09:47:35","modified_gmt":"2020-01-16T09:47:35","slug":"new-alfa-laval-aseptic-mixproof-valve-meets-the-needs-of-a-growing-market","status":"publish","type":"page","link":"https:\/\/ktk.com.tr\/tr\/new-alfa-laval-aseptic-mixproof-valve-meets-the-needs-of-a-growing-market\/","title":{"rendered":"Yeni Alfa Laval Aseptik Mixproof Vana b\u00fcy\u00fcyen bir pazar\u0131n ihtiya\u00e7lar\u0131n\u0131 kar\u015f\u0131l\u0131yor"},"content":{"rendered":"<h2>Yeni Alfa Laval Aseptik Mixproof Vana b\u00fcy\u00fcyen bir pazar\u0131n ihtiya\u00e7lar\u0131n\u0131 kar\u015f\u0131l\u0131yor<br \/>\nJanuary 6, 2020<\/h2>\n<p style=\"font-size: 16px; margin-bottom: 20px; color: #161616; line-height: 28px; font-family: 'Open Sans', sans-serif;\">Alfa Laval, Alfa Laval kar\u0131\u015f\u0131m ge\u00e7irmez valflerine aseptik \u00e7ift ki\u015filik bir valf sunuyor. Steril proses uygulamalar\u0131 i\u00e7in yeni Alfa Laval Aseptik Mixproof Valf, \u015firketin Benzersiz Tekli Koltuk Valfinin (SSV) kan\u0131tlanm\u0131\u015f aseptik versiyonu ile ayn\u0131 mod\u00fcler mimariye dayanmaktad\u0131r. Daha da \u00f6nemlisi, Alfa Laval Aseptik Kar\u0131\u015f\u0131m Vanas\u0131, s\u00fct, g\u0131da, i\u00e7ecek ve di\u011fer \u00fcreticilerin toplam sahip olma maliyetini, \u00f6nde gelen aseptik \u00e7ift koltuklu kar\u0131\u015f\u0131m ge\u00e7irmez vanalara k\u0131yasla% 45'e kadar azalt\u0131r.<\/p>\n<p style=\"font-size: 16px; margin-bottom: 20px; color: #161616; line-height: 28px; font-family: 'Open Sans', sans-serif;\">Yeni Alfa Laval Aseptik Mixproof Valf'in Alfa Laval mixproof valf serisine eklenmesi, \u00fcreticilere t\u00fcm hijyenik ve aseptik valf gereksinimlerini kar\u015f\u0131lamak i\u00e7in tek durakl\u0131 bir kolayl\u0131k sa\u011flar. Bu geli\u015fmi\u015f \u00e7ift koltuklu kar\u0131\u015f\u0131m ge\u00e7irmez valf, istenmeyen bas\u0131n\u00e7 y\u00fckselmeleri s\u0131ras\u0131nda bile zararl\u0131 mikroorganizmalar\u0131n girmesine kar\u015f\u0131 tam koruma ile \u00fcr\u00fcn g\u00fcvenli\u011fi sa\u011flar. Ayr\u0131ca daha fazla \u00e7al\u0131\u015fma s\u00fcresi, ola\u011fan\u00fcst\u00fc hijyen, minimum \u00fcr\u00fcn kayb\u0131, kolay ve uygun maliyetli hizmet sunar.<\/p>\n<p style=\"font-size: 16px; margin-bottom: 20px; color: #161616; line-height: 28px; font-family: 'Open Sans', sans-serif;\">Alfa Laval Valves &amp; Automation \u00dcr\u00fcn Portf\u00f6y M\u00fcd\u00fcr\u00fc Anders Mose Lyhne, \u201cUzun raf \u00f6mr\u00fc ve temiz etiketleri olan y\u00fcksek kaliteli s\u00fct \u00fcr\u00fcnleri, yiyecek ve i\u00e7ecek \u00fcr\u00fcnlerine y\u00f6nelik talepte muazzam bir b\u00fcy\u00fcme g\u00f6rd\u00fck\u201d diyor. \u201cYeni Aseptik Mixproof Valfimiz, imalat\u00e7\u0131lara i\u015fleme, temizleme ve sterilizasyon s\u0131ras\u0131nda s\u0131n\u0131f\u0131n\u0131n en iyisi valf ak\u0131\u015f \u00f6zellikleri sa\u011flar.\u201d<\/p>\n<p style=\"font-size: 16px; margin-bottom: 20px; color: #161616; line-height: 28px; font-family: 'Open Sans', sans-serif;\">Temizlik ve sterilizasyon ak\u0131\u015f karakteristikleri, CFD ak\u0131\u015f sim\u00fclasyonlar\u0131 ile kan\u0131tlanm\u0131\u015ft\u0131r. \u0130lk olarak, Alfa Laval Aseptik Kar\u0131\u015f\u0131m Korumal\u0131 Vana serisi, \u00e7o\u011fu \u00fcretici gereksinimini kar\u015f\u0131layan \u015fu vana boyutlar\u0131n\u0131 i\u00e7erecektir: ISO 51 mm (2 \u201d), 63.5 mm (2.5\u201d) ve 76.1 mm (3 \u201c).<\/p>\n<h4 style=\"font-family: 'Open Sans', sans-serif; font-weight: 500; line-height: 1.1; color: #333333; margin-top: 10px; margin-bottom: 10px; font-size: 18px; caret-color: #333333;\"><b>D\u00fc\u015f\u00fck toplam sahip olma maliyeti<\/b><\/h4>\n<p style=\"font-size: 16px; margin-bottom: 20px; color: #161616; line-height: 28px; font-family: 'Open Sans', sans-serif;\">Alfa Laval Aseptik Mixproof Vana serisinin piyasaya s\u00fcr\u00fclmesiyle, Alfa Laval, aseptik vanalar\u0131n en d\u00fc\u015f\u00fck maliyeti kaydetmesi i\u00e7in toplam sahip olma maliyetini art\u0131r\u0131yor. Alfa Laval\u2019\u0131n \u00f6nde gelen markalar yerine aseptik \u00e7ift ki\u015filik valf\u0131n\u0131 kullanmak, aseptik i\u015fleme kullanan \u00fcreticilere toplam% 45'e kadar maliyet tasarrufu sa\u011flayabilir. Tahmini tasarruf, hizmet yerinde yap\u0131l\u0131rsa be\u015f y\u0131ll\u0131k bir s\u00fcre boyunca aseptik 2\u00bd \u201dvalf\u0131n sermaye giderleri ile bak\u0131m maliyetlerinin kar\u015f\u0131la\u015ft\u0131r\u0131lmas\u0131na dayan\u0131r. Bak\u0131m \u00fc\u00e7\u00fcnc\u00fc taraf bir sa\u011flay\u0131c\u0131 taraf\u0131ndan tesis d\u0131\u015f\u0131nda yap\u0131l\u0131rsa, rakip teknolojiler daha da pahal\u0131 hale gelir.<\/p>\n<p style=\"font-size: 16px; margin-bottom: 20px; color: #161616; line-height: 28px; font-family: 'Open Sans', sans-serif;\">Anders Lyhne, \u201c\u00c7elik k\u00f6r\u00fckler ve conta de\u011fi\u015ftirme i\u015flemleri lider markalar i\u00e7in en pahal\u0131 bak\u0131m maliyetleridir\u201d diyor. \u201c\u00c7elik k\u00f6r\u00fck yerine, Alfa Laval Aseptik Kar\u0131\u015f\u0131m Korumal\u0131 Vana, PTFE y\u00fczl\u00fc ve son sekiz y\u0131ld\u0131r Alfa Laval Benzersiz SSV Aseptik Valfimizde iyi kan\u0131tlanm\u0131\u015f g\u00fc\u00e7lendirilmi\u015f EPDM deste\u011fiyle ayn\u0131 diyafram\u0131 kullan\u0131yor. Bu, \u00e7ift koltuklu vanam\u0131z\u0131n toplam sahip olma maliyetini b\u00fcy\u00fck \u00f6l\u00e7\u00fcde azalt\u0131r, ancak yine de steril i\u015fleme i\u00e7in gereken hermetik s\u0131zd\u0131rmazl\u0131\u011f\u0131 sa\u011flar. \u201d<\/p>\n<h4 style=\"font-family: 'Open Sans', sans-serif; font-weight: 500; line-height: 1.1; color: #333333; margin-top: 10px; margin-bottom: 10px; font-size: 18px; caret-color: #333333;\"><b>Ola\u011fan\u00fcst\u00fc esneklik ve mod\u00fclerlik<\/b><\/h4>\n<p style=\"font-size: 16px; margin-bottom: 20px; color: #161616; line-height: 28px; font-family: 'Open Sans', sans-serif;\">Alfa Laval Aseptik Kar\u0131\u015f\u0131m Korumal\u0131 Valfi neredeyse her gereksinimi kar\u015f\u0131layacak \u015fekilde yap\u0131land\u0131r\u0131n. Standart bir valf g\u00f6vdesi ve te\u011fetsel bir valf g\u00f6vdesi se\u00e7in veya iki standart valf g\u00f6vdesi tipi kullan\u0131n. Ayn\u0131 Alfa Laval Benzersiz SSV platformu \u00fczerine in\u015fa edilen bu aseptik \u00e7ift koltuklu valfin yatay veya dikey konumda monte edilmesi kolayd\u0131r. \u00dc\u00e7 koltuk kald\u0131rma versiyonu, be\u015f buhar vanas\u0131 tipi ve buhar s\u0131cakl\u0131\u011f\u0131 izleme i\u00e7in bir dizi se\u00e7enek vard\u0131r.<\/p>\n<h4 style=\"font-family: 'Open Sans', sans-serif; font-weight: 500; line-height: 1.1; color: #333333; margin-top: 10px; margin-bottom: 10px; font-size: 18px; caret-color: #333333;\"><b>Daha fazla \u00e7al\u0131\u015fma s\u00fcresi i\u00e7in ola\u011fan\u00fcst\u00fc temizlik<\/b><\/h4>\n<p style=\"font-size: 16px; margin-bottom: 20px; color: #161616; line-height: 28px; font-family: 'Open Sans', sans-serif;\">Alfa Laval Aseptik Mixproof Valf'in optimize edilmi\u015f tasar\u0131m\u0131, temizlik ve sterilizasyonu kolayla\u015ft\u0131r\u0131r, b\u00f6ylece daha fazla \u00fcretim \u00e7al\u0131\u015fma s\u00fcresi sa\u011flar. Y\u00fcksek derecede y\u0131kanabilir bir tasar\u0131ma sahip olan ve \u00fcr\u00fcn ve buhar alanlar\u0131nda kubbe bulunmayan vana, di\u011fer \u00e7ift koltuklu aseptik kar\u0131\u015f\u0131mlara dayan\u0131kl\u0131 vanalara g\u00f6re daha iyi temizleme \u00f6zellikleri sa\u011flar. Dahas\u0131, EHEDG ve 3-A S\u0131hhi Standartlar\u0131n kat\u0131 gereksinimlerine uygundur.<\/p>\n<h4 style=\"font-family: 'Open Sans', sans-serif; font-weight: 500; line-height: 1.1; color: #333333; margin-top: 10px; margin-bottom: 10px; font-size: 18px; caret-color: #333333;\"><b>Bak\u0131m kolayl\u0131\u011f\u0131 ve par\u00e7a de\u011fi\u015fimi<\/b><\/h4>\n<p style=\"font-size: 16px; margin-bottom: 20px; color: #161616; line-height: 28px; font-family: 'Open Sans', sans-serif;\">Ayr\u0131ca, bak\u0131m ve par\u00e7a de\u011fi\u015fimi de kolayd\u0131r. Alfa Laval Benzersiz SSV Aseptik Valfi bilenler i\u00e7in bak\u0131m kolayd\u0131r. Yeni Alfa Laval Aseptik Mixproof Valf ayn\u0131 bak\u0131m rutinlerini takip eder. \u00c7o\u011fu a\u015f\u0131nma par\u00e7as\u0131 de\u011fi\u015ftirilebilir, bu da valf bak\u0131m\u0131n\u0131 kolayla\u015ft\u0131r\u0131r ve par\u00e7a de\u011fi\u015ftirme envanterini d\u00fczene sokar.<\/p>","protected":false},"excerpt":{"rendered":"<p>New Alfa Laval Aseptic Mixproof Valve meets the needs of a growing market January 6, 2020 Alfa Laval is introducing an aseptic double-seat valve to its range of Alfa Laval mixproof valves. The new Alfa Laval Aseptic Mixproof Valve for sterile process applications is based on the same modular architecture as the well-proven aseptic version [&hellip;]<\/p>","protected":false},"author":1,"featured_media":982,"parent":0,"menu_order":0,"comment_status":"closed","ping_status":"closed","template":"elementor_header_footer","meta":[],"_links":{"self":[{"href":"https:\/\/ktk.com.tr\/tr\/wp-json\/wp\/v2\/pages\/1268"}],"collection":[{"href":"https:\/\/ktk.com.tr\/tr\/wp-json\/wp\/v2\/pages"}],"about":[{"href":"https:\/\/ktk.com.tr\/tr\/wp-json\/wp\/v2\/types\/page"}],"author":[{"embeddable":true,"href":"https:\/\/ktk.com.tr\/tr\/wp-json\/wp\/v2\/users\/1"}],"replies":[{"embeddable":true,"href":"https:\/\/ktk.com.tr\/tr\/wp-json\/wp\/v2\/comments?post=1268"}],"version-history":[{"count":7,"href":"https:\/\/ktk.com.tr\/tr\/wp-json\/wp\/v2\/pages\/1268\/revisions"}],"predecessor-version":[{"id":2236,"href":"https:\/\/ktk.com.tr\/tr\/wp-json\/wp\/v2\/pages\/1268\/revisions\/2236"}],"wp:featuredmedia":[{"embeddable":true,"href":"https:\/\/ktk.com.tr\/tr\/wp-json\/wp\/v2\/media\/982"}],"wp:attachment":[{"href":"https:\/\/ktk.com.tr\/tr\/wp-json\/wp\/v2\/media?parent=1268"}],"curies":[{"name":"wp","href":"https:\/\/api.w.org\/{rel}","templated":true}]}}