{"id":1265,"date":"2020-01-06T10:44:09","date_gmt":"2020-01-06T10:44:09","guid":{"rendered":"http:\/\/ktk.com.tr\/?page_id=1265"},"modified":"2020-01-16T09:49:06","modified_gmt":"2020-01-16T09:49:06","slug":"new-alfa-laval-twin-screw-pump","status":"publish","type":"page","link":"https:\/\/ktk.com.tr\/tr\/new-alfa-laval-twin-screw-pump\/","title":{"rendered":"Yeni Alfa Laval \u00c7ift Vidal\u0131 Pompa"},"content":{"rendered":"<p><strong>Yeni Alfa Laval \u00c7ift Vidal\u0131 Pompa proses esnekli\u011fini, servis ve g\u00fcvenilirli\u011fi ve operasyonel g\u00fcvenli\u011fi art\u0131r\u0131r<\/strong><\/p>\n<p>S\u00fct, g\u0131da, i\u00e7ecek ve ki\u015fisel bak\u0131m end\u00fcstrilerinde kullan\u0131lmak \u00fczere \u015firketin hijyenik pompa portf\u00f6y\u00fcne en son eklenen Alfa Laval \u00c7ift Vidal\u0131 Pompan\u0131n tan\u0131t\u0131m\u0131. Proses esnekli\u011fi i\u00e7in tasarlanan \u00e7ift vidal\u0131 pompa, s\u0131k\u0131 hijyen standartlar\u0131n\u0131 kar\u015f\u0131layan sa\u011flam ve g\u00fcvenilir bir platform \u00fczerine in\u015fa edilmi\u015ftir. Hem \u00fcr\u00fcn aktar\u0131m\u0131 hem de Yerinde Temizlik (CIP) i\u015fleme kapasitesine sahip olan bu \u00fcr\u00fcn, kullan\u0131c\u0131lara daha fazla i\u015flem esnekli\u011fi, y\u00fcksek g\u00fcvenilirlik, h\u0131zl\u0131 ve kolay sunan d\u00fc\u015f\u00fck titre\u015fim \u00f6zelli\u011fi, m\u00fckemmel kat\u0131 ta\u015f\u0131ma kapasitesi ve \u00fcst\u00fcn emme performans\u0131 gibi bir\u00e7ok yeni \u00f6zelli\u011fe sahiptir bak\u0131m ve artan i\u015fletim g\u00fcvenli\u011fi. Bu, kontaminasyon risklerini en aza indirirken ve verimi en \u00fcst d\u00fczeye \u00e7\u0131kar\u0131rken operasyonu basitle\u015ftirir ve maliyetleri azalt\u0131r.<\/p>\n<p><iframe loading=\"lazy\" title=\"Optimizing operations with the twin screw pump\" width=\"500\" height=\"281\" src=\"https:\/\/www.youtube.com\/embed\/jiyfoWsNI9w?feature=oembed&#038;wmode=opaque\" frameborder=\"0\" allow=\"accelerometer; autoplay; encrypted-media; gyroscope; picture-in-picture\" allowfullscreen><\/iframe><\/p>\n<p><strong>Daha fazla i\u015flem esnekli\u011fi<\/strong><\/p>\n<p>Yeni Alfa Laval \u00c7ift Vidal\u0131 Pompa, pozitif deplasman ve santrif\u00fcj pompa teknolojilerinin \u00f6zelliklerini tek bir pompada birle\u015ftirir. \u0130kisi bir arada \u00e7al\u0131\u015fmas\u0131yla pompa, de\u011fi\u015fen viskozitelerde proses ortam\u0131n\u0131n yan\u0131 s\u0131ra CIP s\u0131v\u0131lar\u0131n\u0131 kolayca i\u015fler. Bu, borular\u0131 ve kontrol\u00fc basitle\u015ftirir, bu da maliyetleri azalt\u0131r ve kontaminasyon risklerini en aza indirir. Ayr\u0131ca, m\u00fckemmel kald\u0131rma kapasitesi ve d\u00fc\u015f\u00fck NPSHr ile \u00fcst\u00fcn emme performans\u0131 da kurulum esnekli\u011fi sa\u011flar ve \u00fcr\u00fcn geri kazan\u0131m\u0131n\u0131 art\u0131r\u0131r. Buna ek olarak, pompan\u0131n d\u00fc\u015f\u00fck titre\u015fim karakteristikleri ve m\u00fckemmel kat\u0131 tutma \u00f6zellikleri nedeniyle sorunsuz ve yumu\u015fak \u00e7al\u0131\u015fma, \u00fcr\u00fcn hasar olas\u0131l\u0131\u011f\u0131n\u0131 azalt\u0131r.<\/p>\n<p><strong>Y\u00fcksek g\u00fcvenilirlik ve h\u0131zl\u0131, kolay servis<\/strong><\/p>\n<p>Alfa Laval \u00c7ift Vidal\u0131 Pompa, \u00f6nden y\u00fcklemeli s\u0131zd\u0131rmazl\u0131\u011fa, sa\u011flam \u015fanz\u0131mana ve kolay ayarlanabilen zamanlama di\u015flilerine sahiptir ve bunlar\u0131n t\u00fcm\u00fc y\u00fcksek g\u00fcvenilirlik ve kolay bak\u0131ma katk\u0131da bulunur. Ger\u00e7ekten \u00f6nden y\u00fcklemeli, kendili\u011finden ayarlanabilen tasar\u0131ma ve yenilenme kabiliyetine sahip bir kartu\u015f contas\u0131 sayesinde pompa yerinde h\u0131zl\u0131 conta de\u011fi\u015fimi art\u0131k m\u00fcmk\u00fcn. Bu i\u015flem \u00e7al\u0131\u015fma s\u00fcresini en \u00fcst d\u00fczeye \u00e7\u0131kar\u0131r ve bak\u0131m maliyetlerini en aza indirir.<\/p>\n<p>Rulmanlar aras\u0131nda yer alan zamanlama di\u015flilerine sahip sa\u011flam, tamamen paslanmaz \u00e7elik di\u015fli kutusu, yatak \u00f6mr\u00fcn\u00fc optimize eder ve \u015faft grubunun y\u00fck\u00fcn\u00fc dengeler, titre\u015fim ve g\u00fcr\u00fclt\u00fcy\u00fc azalt\u0131rken bile\u015fen \u00f6mr\u00fcn\u00fc ve g\u00fcvenilirli\u011fini art\u0131r\u0131r.<\/p>\n<p>Pompa konumdayken zamanlama di\u015flilerine kolay eri\u015fim ile zamanlama da basitle\u015ftirilmi\u015ftir. Bu, vidal\u0131 kenetleme i\u015flemini basitle\u015ftirir, \u00e7\u00fcnk\u00fc ya\u011f\u0131 \u015fanz\u0131mandan bo\u015faltmaya veya kaplini ve motoru \u00e7\u0131karmaya gerek yoktur.<\/p>\n<p><strong>Artan i\u015fletim g\u00fcvenli\u011fi<\/strong><\/p>\n<p>Alfa Laval \u00c7ift Vidal\u0131 Pompan\u0131n hijyenik tasar\u0131m\u0131, profilli elastomerler ve \u00fcr\u00fcnle tamamen \u00e7evrelenmi\u015f mekanik salmastralar i\u00e7eren temiz, harici bir paslanmaz \u00e7elik kaplamaya sahiptir. FDA uyumlu malzemeler kullan\u0131larak maksimum temizlenebilirlik i\u00e7in tasarlanan pompa hem EHEDG- hem de 3-A sertifikal\u0131d\u0131r.<\/p>\n<p>Optimize edilmi\u015f \u015fanz\u0131man tasar\u0131m\u0131 ve m\u00fckemmel hidrolik performans\u0131 ile Alfa Laval \u00c7ift Vidal\u0131 Pompa sessiz \u00e7al\u0131\u015fabilir ve g\u00fcr\u00fclt\u00fc emisyonlar\u0131n\u0131 en aza indirir. Ayr\u0131ca, \u00e7al\u0131\u015fma s\u0131cakl\u0131\u011f\u0131 da en aza indirilir, b\u00f6ylece i\u015f yeri g\u00fcvenli\u011fi artar. Opsiyonel bir ATEX versiyonu, pompan\u0131n tehlikeli alanlarda kullan\u0131lmas\u0131n\u0131 m\u00fcmk\u00fcn k\u0131lar.<\/p>\n<p>Alfa Laval Portf\u00f6y Y\u00f6neticisi John Walker, \u201cPerformans i\u00e7in hassas olarak tasarlanan Alfa Laval \u00c7ift Vidal\u0131 Pompa 'Hassas Olduk\u00e7a Sa\u011flam' olarak nitelendiriliyor\u201d diyor. \u201cD\u00fczg\u00fcn ve yumu\u015fak \u00e7al\u0131\u015fmas\u0131, ister t\u0131knaz, kaymaya duyarl\u0131 veya a\u015f\u0131nd\u0131r\u0131c\u0131 olsun - de\u011fi\u015fen proses ortamlar\u0131n\u0131n verimli bir \u015fekilde aktar\u0131lmas\u0131n\u0131 ve geni\u015f bir viskozite aral\u0131\u011f\u0131n\u0131 sa\u011flayarak \u00e7oklu g\u00f6revler i\u00e7in tek bir pompa gerektiren kullan\u0131c\u0131lar i\u00e7in idealdir.\u201d<\/p>\n<p>Alfa Laval \u00c7ift Vidal\u0131 Pompan\u0131n eklenmesi, Alfa Laval\u2019\u0131n d\u00f6ner lob ve \u00e7evresel pistonlu pompa teknolojilerini i\u00e7eren mevcut pozitif deplasmanl\u0131 pompa portf\u00f6y\u00fcn\u00fc tamamlar. Bu, Alfa Laval'\u0131n eldeki proses uygulamas\u0131 i\u00e7in en uygun pompalama \u00e7\u00f6z\u00fcm\u00fcn\u00fc sunmas\u0131n\u0131 sa\u011flar.<\/p>","protected":false},"excerpt":{"rendered":"<p>New Alfa Laval Twin Screw Pump increases process flexibility, service and reliability, and operational safety Introducing the Alfa Laval Twin Screw Pump, the latest addition to the company\u2019s hygienic pump portfolio for use in the dairy, food, beverage and personal care industries. Designed for process flexibility, the twin screw pump is built on a robust, [&hellip;]<\/p>","protected":false},"author":1,"featured_media":905,"parent":0,"menu_order":0,"comment_status":"closed","ping_status":"closed","template":"elementor_header_footer","meta":[],"_links":{"self":[{"href":"https:\/\/ktk.com.tr\/tr\/wp-json\/wp\/v2\/pages\/1265"}],"collection":[{"href":"https:\/\/ktk.com.tr\/tr\/wp-json\/wp\/v2\/pages"}],"about":[{"href":"https:\/\/ktk.com.tr\/tr\/wp-json\/wp\/v2\/types\/page"}],"author":[{"embeddable":true,"href":"https:\/\/ktk.com.tr\/tr\/wp-json\/wp\/v2\/users\/1"}],"replies":[{"embeddable":true,"href":"https:\/\/ktk.com.tr\/tr\/wp-json\/wp\/v2\/comments?post=1265"}],"version-history":[{"count":13,"href":"https:\/\/ktk.com.tr\/tr\/wp-json\/wp\/v2\/pages\/1265\/revisions"}],"predecessor-version":[{"id":2238,"href":"https:\/\/ktk.com.tr\/tr\/wp-json\/wp\/v2\/pages\/1265\/revisions\/2238"}],"wp:featuredmedia":[{"embeddable":true,"href":"https:\/\/ktk.com.tr\/tr\/wp-json\/wp\/v2\/media\/905"}],"wp:attachment":[{"href":"https:\/\/ktk.com.tr\/tr\/wp-json\/wp\/v2\/media?parent=1265"}],"curies":[{"name":"wp","href":"https:\/\/api.w.org\/{rel}","templated":true}]}}