{"id":1248,"date":"2020-01-06T10:10:28","date_gmt":"2020-01-06T10:10:28","guid":{"rendered":"http:\/\/ktk.com.tr\/?page_id=1248"},"modified":"2020-01-16T09:50:41","modified_gmt":"2020-01-16T09:50:41","slug":"introducing-alfa-laval-thinktop-v50-and-v70","status":"publish","type":"page","link":"https:\/\/ktk.com.tr\/tr\/introducing-alfa-laval-thinktop-v50-and-v70\/","title":{"rendered":"ALFA LAVAL THINKTOP\u00ae V50 VE V70'E G\u0130R\u0130\u015e"},"content":{"rendered":"<p>Alfa Laval, \u015firketin s\u00fct, g\u0131da, i\u00e7ecek, bira fabrikas\u0131 ve ila\u00e7 end\u00fcstrilerinde kullan\u0131lan hijyenik vanalar i\u00e7in en \u00e7ok satan vana alg\u0131lama ve kontrol \u00fcnitesi olan Alfa Laval ThinkTop\u00ae'un yenilenmi\u015f, yeniden d\u00fc\u015f\u00fcn\u00fclm\u00fc\u015f bir versiyonunu tan\u0131tt\u0131. \u0130kinci nesil premium kontrol \u00fcniteleri olan Alfa Laval ThinkTop V50 ve V70, teknolojideki en son geli\u015fmeleri dahil ederken m\u00fc\u015fteri ihtiya\u00e7lar\u0131n\u0131 kar\u015f\u0131lamak \u00fczere yeniden yap\u0131land\u0131r\u0131ld\u0131.<\/p>\n<p>\u00a0<\/p>\n<p>https:\/\/www.youtube.com\/watch?v=zZTx5FFG_zU&#038;feature=emb_logo<\/p>\n<p>\"Lavabo alg\u0131lama ve kontrol \u00fcnitesinden m\u00fc\u015fterilerin ne istedi\u011fini dikkatle dinledik,\" diyor Alfa Laval, Hijyenik S\u0131v\u0131 \u0130\u015fleme \u00dcr\u00fcn Y\u00f6netim Valfleri ve Otomasyonu Ren\u00e9 Stietz. \u201cThinkTop'ta yapt\u0131\u011f\u0131m\u0131z de\u011fi\u015fiklikler m\u00fc\u015fteri ihtiya\u00e7lar\u0131na \u00e7ok duyarl\u0131 ve bu nedenle son derece alakal\u0131 - \u00f6rne\u011fin dayan\u0131kl\u0131l\u0131k ve g\u00fcvenilirlikten \u00f6d\u00fcn vermeden daha h\u0131zl\u0131 ve daha sezgisel kurulum.\u201d<\/p>\n<h3>\u00a0<\/h3>\n<h3>M\u00fc\u015fteri ihtiya\u00e7lar\u0131n\u0131 kar\u015f\u0131lamak i\u00e7in yeniden yap\u0131land\u0131r\u0131ld\u0131<\/h3>\n<p>\u00a0<\/p>\n<p>Yeniden d\u00fc\u015f\u00fcn\u00fclen Alfa Laval ThinkTop ilk kez m\u00fc\u015fterilere \u015funlar\u0131 sunar: h\u0131zl\u0131 ve sezgisel kurulum ve devreye alma; geli\u015fmi\u015f 360 \u00b0 LED g\u00f6rsel durum g\u00f6stergesi; yeniden konumland\u0131r\u0131lm\u0131\u015f bir Gore Vent; daha kompakt ve estetik bir tasar\u0131m; patlama koltuk temizli\u011fi i\u015flevselli\u011fi; ve destek malzemelerine kolay \u00e7evrimi\u00e7i eri\u015fim ve do\u011frudan destek i\u00e7in bir QR kodu.<\/p>\n<p>\u00a0<\/p>\n<ul>\n<li><em><strong>H\u0131zl\u0131 ve sezgisel:<\/strong> <\/em>Yeni otomatik kurulum \u00f6zelli\u011fi, \u00fcreticilere \u00f6nceki nesle g\u00f6re% 90'a kadar daha h\u0131zl\u0131, kolay devreye alma olana\u011f\u0131 sunar. Ayr\u0131ca, ger\u00e7ek vana tan\u0131ma \u00f6zelli\u011fine sahip canl\u0131 kurulum \u00f6zelli\u011fi, her t\u00fcrl\u00fc kurulumda m\u00fckemmel uyumu sa\u011flar.<\/li>\n<li><strong><em>Uyarlanabilir ve ak\u0131ll\u0131:<\/em> <\/strong>Yeni ThinkTop, t\u00fcm Alfa Laval vanalar\u0131na uyar ve t\u00fcm uyarlamalar i\u00e7in m\u00fckemmel k\u0131lar. Dahas\u0131, ak\u0131ll\u0131. 7\/24 kendi kendine te\u015fhis, gerekti\u011finde kontrol ve d\u00fczeltme i\u015flemlerine ve geli\u015fmi\u015f 360 \u00b0 LED g\u00f6rsel durum g\u00f6stergesine sahiptir, b\u00f6ylece operat\u00f6rler \u00fcretim kat\u0131nda nerede olursa olsun vana durumunu a\u00e7\u0131k\u00e7a g\u00f6rebilir.<\/li>\n<li><em><strong>\u00a0Dayan\u0131kl\u0131 ve g\u00fcvenilir: <\/strong><\/em>Yeni ThinkTop, ilk nesil kadar uzun \u00f6m\u00fcrl\u00fc ve g\u00fcvenilirdir. Bununla birlikte, Gore Vent'in yeniden konumland\u0131r\u0131lmas\u0131 ThinkTop'u \u00f6ncekinden daha dayan\u0131kl\u0131 ve daha g\u00fcvenilir hale getirerek, su giri\u015fi riskini ortadan kald\u0131r\u0131rken \u00fcnitedeki muhafaza bas\u0131nc\u0131n\u0131 e\u015fitler.<\/li>\n<li><strong><em>Estetik tasar\u0131m:<\/em><\/strong> Son derece pratik olan, kat\u0131 hatlar\u0131, kapak vidalar\u0131 ve \u00f6d\u00fcn vermeyen geometrisi ile yeni minimalist end\u00fcstriyel d\u0131\u015f y\u00fczey, \u00f6nceki versiyondan% 30 daha kompakt ancak ayn\u0131 y\u00fcksekli\u011fe sahip ve yeni ThinkTop'u s\u0131k\u0131 kurulumlar i\u00e7in uygun hale getiriyor. Tek bir sens\u00f6r i\u00e7inde fonksiyonelli\u011fe sahip hedef kontrol panosu t\u00fcm vana fonksiyonlar\u0131n\u0131 ve ileti\u015fimi y\u00f6netir; adapt\u00f6r gerekmez.<\/li>\n<li><strong><em>Patlama Yata\u011f\u0131 Temizli\u011fi:<\/em> <\/strong>Yatak kald\u0131rma ve yatak itme a\u00e7\u0131kl\u0131\u011f\u0131 s\u0131ras\u0131nda y\u00fcksek etkili CIP s\u0131v\u0131s\u0131 patlamas\u0131ndan yararlan\u0131n. Bu optimize edilmi\u015f valf aktivasyonlar\u0131 Yerinde Temizlik s\u0131ras\u0131nda su t\u00fcketimini b\u00fcy\u00fck \u00f6l\u00e7\u00fcde azalt\u0131r ve temizlik maddesi maliyetlerinde% 90'a kadar tasarruf sa\u011flar.<\/li>\n<\/ul>\n<h3>\u00a0<\/h3>\n<h3>Evrimsel d\u00fc\u015f\u00fcnme<\/h3>\n<p>\u00a0<\/p>\n<p>Alfa Laval ThinkTop 2000 y\u0131l\u0131nda hijyenik valf alg\u0131lama ve kontrol teknolojisinde devrim yaratan teknolojik bir at\u0131l\u0131m olarak lanse edildi. Yakla\u015f\u0131k 20 y\u0131l sonra, Alfa Laval \u015fimdi kan\u0131tlanm\u0131\u015f i\u015fg\u00fcc\u00fcne evrimsel \u00f6nlemler ekleyerek m\u00fc\u015fterilerin de\u011fi\u015fen ihtiya\u00e7lar\u0131n\u0131 ve zorlu gereksinimlerini kar\u015f\u0131lamak i\u00e7in g\u00f6r\u00fcn\u00fc\u015f\u00fcn\u00fc ve i\u015flevselli\u011fini k\u00f6kten de\u011fi\u015ftirdi.<\/p>\n<p>Yeni Alfa Laval ThinkTop V50 ve V70 serisi, t\u00fcm valf gereksinimlerini kar\u015f\u0131lar ve gereken solenoid valf say\u0131s\u0131na g\u00f6re se\u00e7ilir. ThinkTop V50 serisi, Alfa Laval DV-ST, kelebek, tekli koltuk ve \u00e7ift contal\u0131 vanalar\u0131n gereksinimlerini kar\u015f\u0131larken, ThinkTop V70 serisi t\u00fcm bu vanalar\u0131n yan\u0131 s\u0131ra Alfa Laval \u00e7ift koltuklu ve \u00f6zel vanalar\u0131n gereksinimlerini kar\u015f\u0131lar.<\/p>\n<p>Ayr\u0131ca, yeni Alfa Laval ThinkTop V50 ve V70, IP66, IP67 ve IP69K koruma s\u0131n\u0131f\u0131n\u0131 kar\u015f\u0131lar.<\/p>\n<p>\u00a0<\/p>","protected":false},"excerpt":{"rendered":"<p>Alfa Laval has unveiled a refreshed, rethought version of the Alfa Laval ThinkTop\u00ae, the company\u2019s best-selling valve sensing and control unit for hygienic valves used in the dairy, food, beverage, brewery and pharmaceutical industries. The Alfa Laval ThinkTop V50 and V70, the second-generation of premium control units, has been reengineered to meet customer needs while [&hellip;]<\/p>","protected":false},"author":1,"featured_media":1219,"parent":0,"menu_order":0,"comment_status":"closed","ping_status":"closed","template":"elementor_header_footer","meta":[],"_links":{"self":[{"href":"https:\/\/ktk.com.tr\/tr\/wp-json\/wp\/v2\/pages\/1248"}],"collection":[{"href":"https:\/\/ktk.com.tr\/tr\/wp-json\/wp\/v2\/pages"}],"about":[{"href":"https:\/\/ktk.com.tr\/tr\/wp-json\/wp\/v2\/types\/page"}],"author":[{"embeddable":true,"href":"https:\/\/ktk.com.tr\/tr\/wp-json\/wp\/v2\/users\/1"}],"replies":[{"embeddable":true,"href":"https:\/\/ktk.com.tr\/tr\/wp-json\/wp\/v2\/comments?post=1248"}],"version-history":[{"count":11,"href":"https:\/\/ktk.com.tr\/tr\/wp-json\/wp\/v2\/pages\/1248\/revisions"}],"predecessor-version":[{"id":2240,"href":"https:\/\/ktk.com.tr\/tr\/wp-json\/wp\/v2\/pages\/1248\/revisions\/2240"}],"wp:featuredmedia":[{"embeddable":true,"href":"https:\/\/ktk.com.tr\/tr\/wp-json\/wp\/v2\/media\/1219"}],"wp:attachment":[{"href":"https:\/\/ktk.com.tr\/tr\/wp-json\/wp\/v2\/media?parent=1248"}],"curies":[{"name":"wp","href":"https:\/\/api.w.org\/{rel}","templated":true}]}}